{"id":131,"date":"2017-05-11T09:44:50","date_gmt":"2017-05-11T07:44:50","guid":{"rendered":"http:\/\/www.casecervinia.com\/?page_id=131"},"modified":"2018-03-14T09:49:40","modified_gmt":"2018-03-14T08:49:40","slug":"cookie-policy","status":"publish","type":"page","link":"https:\/\/www.casecervinia.com\/fr\/cookie-policy","title":{"rendered":"Cookie policy"},"content":{"rendered":"<p style=\"text-align: left;\"><strong>In compliance with the directive issued by the Data Protection Authority on 8 May 2014, we are providing herewith the Cookies Policy about the Cookies used on this website<\/strong><\/p>\n<p style=\"text-align: left;\"><strong>1. What are cookies?<\/strong><\/p>\n<p style=\"text-align: left;\">Cookies are simple text files, which the websites visited by users send to their own servers, where they are stored to be sent back to said websites on each subsequent visit. Cookies may be used for a variety of purposes, they have different features and can be used by both the website manager and third parties. You may wish to read through the paragraphs below for comprehensive information on the cookies used on this website and details on how to manage preferences selected by users.<\/p>\n<p style=\"text-align: left;\"><strong>2. Data Controller and Cookies used by this website <\/strong><\/p>\n<p style=\"text-align: left;\">Terms of use of cookies by AGENZIA D&rsquo;AFFARI IN MEDIAZIONE Il Cervino snc, Data Controller of this website, with registered office at via Meynet 4, Fraz. Breuil-Cervinia, 11028 Valtournenche (AO) are set out in the Controller\u2019s Personal Data Policy.<br \/>\nThe Data Controller only uses technical cookies to bring you the best possible browsing experience and to compile anonymous statistics, and will not disclose personally identifiable information. You can learn about the provisions set out in Art. 13 of the Data Protection Act by clicking <a href=\"http:\/\/www.casecervinia.com\/fr\/privacy-policy\">here<\/a>.<br \/>\nThe present document provides links to third parties\u2019 websites. Please note, the Controller does not have any control over third parties\u2019 websites: access and navigation on such websites are only managed by third parties themselves. You may refer to the third parties for further information.<\/p>\n<p style=\"text-align: left;\"><strong>2.1 Technical Cookies on this website that do not need user\u2019s consent<\/strong>:<\/p>\n<ul style=\"text-align: left;\">\n<li><strong><u>Technical Cookies are only intended to improve the website, deliver better services and make your browsing experience more user-friendly<\/u><\/strong>. If you do not give your consent to the placing of said cookies, you may not be allowed to perform a number of operations (i.e., registration to dedicated areas and language selection), or it may be more difficult and\/or less safe for you to perform them (i.e., enable users to log in and allow the website to recall users\u2019 login details within the same session, or make interactions with websites faster and easier). For all enquiries and further information please contact the Data Controller on the contact details in the general Personal Data Policy <a href=\"http:\/\/www.casecervinia.com\/fr\/privacy-policy\">click here<\/a>.<\/li>\n<li><strong><u>Third Party Analytical<\/u><\/strong> <strong>Cookies<\/strong> are used by the website manager to collect information in aggregate and anonymous format. Google Analytics Cookies are used <strong><u>to compile anonymous statistics (IP anonymization). The system is designed not to disclose personal information to third parties<\/u><\/strong>, thus allowing the website manager to only gather anonymous information about users, so no personally identifiable information is collected or used in the process. We want to be completely transparent about the cookies we use: to learn about third party\u2019s privacy policies and to disable analytical cookies as mentioned above please refer to: Google Analytics (third party session analytical Cookie (Google)) <a href=\"http:\/\/www.google.com\/policies\/privacy\/\"><strong>Privacy Policy<\/strong><\/a><strong>\u00a0&#8211;\u00a0<\/strong><a href=\"https:\/\/developers.google.com\/analytics\/devguides\/collection\/analyticsjs\/cookie-usage\"><strong>Cookie Policy<\/strong><\/a><strong>\u00a0&#8211;\u00a0<\/strong><a href=\"https:\/\/tools.google.com\/dlpage\/gaoptout?hl=it\"><strong>Disable<\/strong><\/a><strong>.<\/strong><\/li>\n<\/ul>\n<p style=\"text-align: left;\"><u>All technical cookies do not need user\u2019s consent<\/u> and are therefore automatically set when users first visit the site.<\/p>\n<p style=\"text-align: left;\"><strong>2.2 Cookies that need user\u2019s consent: <u>this website does not use first party or third party cookies intended to generate user profiles<\/u><\/strong><\/p>\n<p style=\"text-align: left;\">This website, as defined in the paragraphs above, only uses technical cookies and analytical cookies in anonymous form and does not disclose any information to third parties. <u>T<\/u><u>his site does not use<\/u>, including, but not limited to, <u>any<\/u> third party cookies to generate user profiles, advertising cookies and retargeting cookies.<\/p>\n<p style=\"text-align: left;\"><strong> 3. You may manage your preferences about cookies by using your browser <\/strong><\/p>\n<p style=\"text-align: left;\">If you are not familiar with the type and version of browser you are using, please click the \u201cHelp\u201d button in the top window for more information. If you are already familiar with your browser you can access the cookie management section by clicking one of the following links:<\/p>\n<p style=\"text-align: left;\">Internet Explorer <a href=\"http:\/\/windows.microsoft.com\/en-us\/windows-vista\/block-or-allow-cookies\">http:\/\/windows.microsoft.com\/en-us\/windows-vista\/block-or-allow-cookies<br \/>\n<\/a>Google Chrome <a href=\"https:\/\/support.google.com\/accounts\/answer\/61416?hl=it\">https:\/\/support.google.com\/accounts\/answer\/61416?hl=it<br \/>\n<\/a>Mozilla Firefox <a href=\"http:\/\/support.mozilla.org\/en-US\/kb\/Enabling%20and%20disabling%20cookies\">http:\/\/support.mozilla.org\/en-US\/kb\/Enabling%20and%20disabling%20cookies<br \/>\n<\/a>Safari <a href=\"http:\/\/www.apple.com\/legal\/privacy\/\">http:\/\/www.apple.com\/legal\/privacy\/<\/a><\/p>\n<p style=\"text-align: left;\"><strong>For any queries related to the use of cookies please do not hesitate to contact us.<\/strong><\/p>\n<p style=\"text-align: left;\">Latest update: 11\/05\/2017<br \/>\nAGENZIA D&rsquo;AFFARI IN MEDIAZIONE Il Cervino snc<\/p>\n","protected":false},"excerpt":{"rendered":"<p>In compliance with the directive issued by the Data Protection Authority on 8 May 2014, we are providing herewith the Cookies Policy about the Cookies used on this website 1. What are cookies? Cookies are simple text files, which the websites visited by users send to their own servers, where they are stored to be &hellip;<\/p>\n","protected":false},"author":1,"featured_media":0,"parent":0,"menu_order":0,"comment_status":"closed","ping_status":"closed","template":"","meta":{"_acf_changed":false,"footnotes":""},"class_list":["post-131","page","type-page","status-publish","hentry"],"acf":[],"yoast_head":"<!-- This site is optimized with the Yoast SEO plugin v27.3 - https:\/\/yoast.com\/product\/yoast-seo-wordpress\/ -->\n<title>Politique de cookies | Agence immobili\u00e8re Case Cervinia, Italie<\/title>\n<meta name=\"description\" content=\"Pour faciliter l&#039;utilisation du site Web de l&#039;agence immobili\u00e8re Case Cervinia et le rendre plus agr\u00e9able, on utilise des cookies.\" \/>\n<meta name=\"robots\" content=\"noindex, follow\" \/>\n<meta property=\"og:locale\" content=\"fr_FR\" \/>\n<meta property=\"og:type\" content=\"article\" \/>\n<meta property=\"og:title\" content=\"Politique de cookies | Agence immobili\u00e8re Case Cervinia, Italie\" \/>\n<meta property=\"og:description\" content=\"Pour faciliter l&#039;utilisation du site Web de l&#039;agence immobili\u00e8re Case Cervinia et le rendre plus agr\u00e9able, on utilise des cookies.\" \/>\n<meta property=\"og:url\" content=\"https:\/\/www.casecervinia.com\/fr\/cookie-policy\" \/>\n<meta property=\"og:site_name\" content=\"Case Cervinia\" \/>\n<meta property=\"article:modified_time\" content=\"2018-03-14T08:49:40+00:00\" \/>\n<meta name=\"twitter:card\" content=\"summary_large_image\" \/>\n<meta name=\"twitter:label1\" content=\"Dur\u00e9e de lecture estim\u00e9e\" \/>\n\t<meta name=\"twitter:data1\" content=\"4 minutes\" \/>\n<script type=\"application\/ld+json\" class=\"yoast-schema-graph\">{\"@context\":\"https:\\\/\\\/schema.org\",\"@graph\":[{\"@type\":\"WebPage\",\"@id\":\"https:\\\/\\\/www.casecervinia.com\\\/fr\\\/cookie-policy\",\"url\":\"https:\\\/\\\/www.casecervinia.com\\\/fr\\\/cookie-policy\",\"name\":\"Politique de cookies | Agence immobili\u00e8re Case Cervinia, Italie\",\"isPartOf\":{\"@id\":\"https:\\\/\\\/www.casecervinia.com\\\/#website\"},\"datePublished\":\"2017-05-11T07:44:50+00:00\",\"dateModified\":\"2018-03-14T08:49:40+00:00\",\"description\":\"Pour faciliter l'utilisation du site Web de l'agence immobili\u00e8re Case Cervinia et le rendre plus agr\u00e9able, on utilise des cookies.\",\"breadcrumb\":{\"@id\":\"https:\\\/\\\/www.casecervinia.com\\\/fr\\\/cookie-policy#breadcrumb\"},\"inLanguage\":\"fr-FR\",\"potentialAction\":[{\"@type\":\"ReadAction\",\"target\":[\"https:\\\/\\\/www.casecervinia.com\\\/fr\\\/cookie-policy\"]}]},{\"@type\":\"BreadcrumbList\",\"@id\":\"https:\\\/\\\/www.casecervinia.com\\\/fr\\\/cookie-policy#breadcrumb\",\"itemListElement\":[{\"@type\":\"ListItem\",\"position\":1,\"name\":\"Home\",\"item\":\"https:\\\/\\\/www.casecervinia.com\\\/fr\"},{\"@type\":\"ListItem\",\"position\":2,\"name\":\"Cookie policy\"}]},{\"@type\":\"WebSite\",\"@id\":\"https:\\\/\\\/www.casecervinia.com\\\/#website\",\"url\":\"https:\\\/\\\/www.casecervinia.com\\\/\",\"name\":\"Case Cervinia\",\"description\":\"L&#039;agenzia immobiliare specializzata su Cervinia\",\"potentialAction\":[{\"@type\":\"SearchAction\",\"target\":{\"@type\":\"EntryPoint\",\"urlTemplate\":\"https:\\\/\\\/www.casecervinia.com\\\/?s={search_term_string}\"},\"query-input\":{\"@type\":\"PropertyValueSpecification\",\"valueRequired\":true,\"valueName\":\"search_term_string\"}}],\"inLanguage\":\"fr-FR\"}]}<\/script>\n<!-- \/ Yoast SEO plugin. -->","yoast_head_json":{"title":"Politique de cookies | Agence immobili\u00e8re Case Cervinia, Italie","description":"Pour faciliter l'utilisation du site Web de l'agence immobili\u00e8re Case Cervinia et le rendre plus agr\u00e9able, on utilise des cookies.","robots":{"index":"noindex","follow":"follow"},"og_locale":"fr_FR","og_type":"article","og_title":"Politique de cookies | Agence immobili\u00e8re Case Cervinia, Italie","og_description":"Pour faciliter l'utilisation du site Web de l'agence immobili\u00e8re Case Cervinia et le rendre plus agr\u00e9able, on utilise des cookies.","og_url":"https:\/\/www.casecervinia.com\/fr\/cookie-policy","og_site_name":"Case Cervinia","article_modified_time":"2018-03-14T08:49:40+00:00","twitter_card":"summary_large_image","twitter_misc":{"Dur\u00e9e de lecture estim\u00e9e":"4 minutes"},"schema":{"@context":"https:\/\/schema.org","@graph":[{"@type":"WebPage","@id":"https:\/\/www.casecervinia.com\/fr\/cookie-policy","url":"https:\/\/www.casecervinia.com\/fr\/cookie-policy","name":"Politique de cookies | Agence immobili\u00e8re Case Cervinia, Italie","isPartOf":{"@id":"https:\/\/www.casecervinia.com\/#website"},"datePublished":"2017-05-11T07:44:50+00:00","dateModified":"2018-03-14T08:49:40+00:00","description":"Pour faciliter l'utilisation du site Web de l'agence immobili\u00e8re Case Cervinia et le rendre plus agr\u00e9able, on utilise des cookies.","breadcrumb":{"@id":"https:\/\/www.casecervinia.com\/fr\/cookie-policy#breadcrumb"},"inLanguage":"fr-FR","potentialAction":[{"@type":"ReadAction","target":["https:\/\/www.casecervinia.com\/fr\/cookie-policy"]}]},{"@type":"BreadcrumbList","@id":"https:\/\/www.casecervinia.com\/fr\/cookie-policy#breadcrumb","itemListElement":[{"@type":"ListItem","position":1,"name":"Home","item":"https:\/\/www.casecervinia.com\/fr"},{"@type":"ListItem","position":2,"name":"Cookie policy"}]},{"@type":"WebSite","@id":"https:\/\/www.casecervinia.com\/#website","url":"https:\/\/www.casecervinia.com\/","name":"Case Cervinia","description":"L&#039;agenzia immobiliare specializzata su Cervinia","potentialAction":[{"@type":"SearchAction","target":{"@type":"EntryPoint","urlTemplate":"https:\/\/www.casecervinia.com\/?s={search_term_string}"},"query-input":{"@type":"PropertyValueSpecification","valueRequired":true,"valueName":"search_term_string"}}],"inLanguage":"fr-FR"}]}},"_links":{"self":[{"href":"https:\/\/www.casecervinia.com\/fr\/wp-json\/wp\/v2\/pages\/131","targetHints":{"allow":["GET"]}}],"collection":[{"href":"https:\/\/www.casecervinia.com\/fr\/wp-json\/wp\/v2\/pages"}],"about":[{"href":"https:\/\/www.casecervinia.com\/fr\/wp-json\/wp\/v2\/types\/page"}],"author":[{"embeddable":true,"href":"https:\/\/www.casecervinia.com\/fr\/wp-json\/wp\/v2\/users\/1"}],"replies":[{"embeddable":true,"href":"https:\/\/www.casecervinia.com\/fr\/wp-json\/wp\/v2\/comments?post=131"}],"version-history":[{"count":1,"href":"https:\/\/www.casecervinia.com\/fr\/wp-json\/wp\/v2\/pages\/131\/revisions"}],"predecessor-version":[{"id":325,"href":"https:\/\/www.casecervinia.com\/fr\/wp-json\/wp\/v2\/pages\/131\/revisions\/325"}],"wp:attachment":[{"href":"https:\/\/www.casecervinia.com\/fr\/wp-json\/wp\/v2\/media?parent=131"}],"curies":[{"name":"wp","href":"https:\/\/api.w.org\/{rel}","templated":true}]}}