{"id":141,"date":"2017-05-24T17:26:21","date_gmt":"2017-05-24T15:26:21","guid":{"rendered":"http:\/\/www.casecervinia.com\/?page_id=141"},"modified":"2017-11-16T17:45:34","modified_gmt":"2017-11-16T16:45:34","slug":"appartements","status":"publish","type":"page","link":"https:\/\/www.casecervinia.com\/fr\/appartements","title":{"rendered":"Appartements"},"content":{"rendered":"<p>Nous disposons d&rsquo;appartements en immeuble dans le centre de Cervinia et dans les zones plus touristiques et principalement demand\u00e9es : l&rsquo; id\u00e9al pour ceux qui d\u00e9sirent vivre la montagne toute l&rsquo; ann\u00e9e, comme et quand ils le d\u00e9sirent, mais aussi pour faire un bon investissement en terme de rentabilit\u00e9. Nos biens immobiliers ont diverses superficies, mobiliers et finitions, certains sont dot\u00e9s d&rsquo;un garage ou d&rsquo;une place de parking.<\/p>\n","protected":false},"excerpt":{"rendered":"<p>Nous disposons d&rsquo;appartements en immeuble dans le centre de Cervinia et dans les zones plus touristiques et principalement demand\u00e9es : l&rsquo; id\u00e9al pour ceux qui d\u00e9sirent vivre la montagne toute l&rsquo; ann\u00e9e, comme et quand ils le d\u00e9sirent, mais aussi pour faire un bon investissement en terme de rentabilit\u00e9. Nos biens immobiliers ont diverses superficies, &hellip;<\/p>\n","protected":false},"author":1,"featured_media":0,"parent":0,"menu_order":0,"comment_status":"closed","ping_status":"closed","template":"page-templates\/listing_appartamenti.php","meta":{"_acf_changed":false,"footnotes":""},"class_list":["post-141","page","type-page","status-publish","hentry"],"acf":[],"yoast_head":"<!-- This site is optimized with the Yoast SEO plugin v27.3 - https:\/\/yoast.com\/product\/yoast-seo-wordpress\/ -->\n<title>Appartements en vente \u00e0 Breuil Cervinia | Vacances ski en Italie<\/title>\n<meta name=\"description\" content=\"Choisissez parmi une grande s\u00e9lection d&#039;appartements en vente \u00e0 Cervinia: s\u00e9lectionnez le type, la position et les services de votre nouveau maison!\" \/>\n<meta name=\"robots\" content=\"index, follow, max-snippet:-1, max-image-preview:large, max-video-preview:-1\" \/>\n<link rel=\"canonical\" href=\"https:\/\/www.casecervinia.com\/fr\/appartements\" \/>\n<meta property=\"og:locale\" content=\"fr_FR\" \/>\n<meta property=\"og:type\" content=\"article\" \/>\n<meta property=\"og:title\" content=\"Appartements en vente \u00e0 Breuil Cervinia | Vacances ski en Italie\" \/>\n<meta property=\"og:description\" content=\"Choisissez parmi une grande s\u00e9lection d&#039;appartements en vente \u00e0 Cervinia: s\u00e9lectionnez le type, la position et les services de votre nouveau maison!\" \/>\n<meta property=\"og:url\" content=\"https:\/\/www.casecervinia.com\/fr\/appartements\" \/>\n<meta property=\"og:site_name\" content=\"Case Cervinia\" \/>\n<meta property=\"article:modified_time\" content=\"2017-11-16T16:45:34+00:00\" \/>\n<meta name=\"twitter:card\" content=\"summary_large_image\" \/>\n<script type=\"application\/ld+json\" class=\"yoast-schema-graph\">{\"@context\":\"https:\\\/\\\/schema.org\",\"@graph\":[{\"@type\":\"WebPage\",\"@id\":\"https:\\\/\\\/www.casecervinia.com\\\/fr\\\/appartements\",\"url\":\"https:\\\/\\\/www.casecervinia.com\\\/fr\\\/appartements\",\"name\":\"Appartements en vente \u00e0 Breuil Cervinia | Vacances ski en Italie\",\"isPartOf\":{\"@id\":\"https:\\\/\\\/www.casecervinia.com\\\/#website\"},\"datePublished\":\"2017-05-24T15:26:21+00:00\",\"dateModified\":\"2017-11-16T16:45:34+00:00\",\"description\":\"Choisissez parmi une grande s\u00e9lection d'appartements en vente \u00e0 Cervinia: s\u00e9lectionnez le type, la position et les services de votre nouveau maison!\",\"breadcrumb\":{\"@id\":\"https:\\\/\\\/www.casecervinia.com\\\/fr\\\/appartements#breadcrumb\"},\"inLanguage\":\"fr-FR\",\"potentialAction\":[{\"@type\":\"ReadAction\",\"target\":[\"https:\\\/\\\/www.casecervinia.com\\\/fr\\\/appartements\"]}]},{\"@type\":\"BreadcrumbList\",\"@id\":\"https:\\\/\\\/www.casecervinia.com\\\/fr\\\/appartements#breadcrumb\",\"itemListElement\":[{\"@type\":\"ListItem\",\"position\":1,\"name\":\"Home\",\"item\":\"https:\\\/\\\/www.casecervinia.com\\\/fr\"},{\"@type\":\"ListItem\",\"position\":2,\"name\":\"Appartements\"}]},{\"@type\":\"WebSite\",\"@id\":\"https:\\\/\\\/www.casecervinia.com\\\/#website\",\"url\":\"https:\\\/\\\/www.casecervinia.com\\\/\",\"name\":\"Case Cervinia\",\"description\":\"L&#039;agenzia immobiliare specializzata su Cervinia\",\"potentialAction\":[{\"@type\":\"SearchAction\",\"target\":{\"@type\":\"EntryPoint\",\"urlTemplate\":\"https:\\\/\\\/www.casecervinia.com\\\/?s={search_term_string}\"},\"query-input\":{\"@type\":\"PropertyValueSpecification\",\"valueRequired\":true,\"valueName\":\"search_term_string\"}}],\"inLanguage\":\"fr-FR\"}]}<\/script>\n<!-- \/ Yoast SEO plugin. -->","yoast_head_json":{"title":"Appartements en vente \u00e0 Breuil Cervinia | Vacances ski en Italie","description":"Choisissez parmi une grande s\u00e9lection d'appartements en vente \u00e0 Cervinia: s\u00e9lectionnez le type, la position et les services de votre nouveau maison!","robots":{"index":"index","follow":"follow","max-snippet":"max-snippet:-1","max-image-preview":"max-image-preview:large","max-video-preview":"max-video-preview:-1"},"canonical":"https:\/\/www.casecervinia.com\/fr\/appartements","og_locale":"fr_FR","og_type":"article","og_title":"Appartements en vente \u00e0 Breuil Cervinia | Vacances ski en Italie","og_description":"Choisissez parmi une grande s\u00e9lection d'appartements en vente \u00e0 Cervinia: s\u00e9lectionnez le type, la position et les services de votre nouveau maison!","og_url":"https:\/\/www.casecervinia.com\/fr\/appartements","og_site_name":"Case Cervinia","article_modified_time":"2017-11-16T16:45:34+00:00","twitter_card":"summary_large_image","schema":{"@context":"https:\/\/schema.org","@graph":[{"@type":"WebPage","@id":"https:\/\/www.casecervinia.com\/fr\/appartements","url":"https:\/\/www.casecervinia.com\/fr\/appartements","name":"Appartements en vente \u00e0 Breuil Cervinia | Vacances ski en Italie","isPartOf":{"@id":"https:\/\/www.casecervinia.com\/#website"},"datePublished":"2017-05-24T15:26:21+00:00","dateModified":"2017-11-16T16:45:34+00:00","description":"Choisissez parmi une grande s\u00e9lection d'appartements en vente \u00e0 Cervinia: s\u00e9lectionnez le type, la position et les services de votre nouveau maison!","breadcrumb":{"@id":"https:\/\/www.casecervinia.com\/fr\/appartements#breadcrumb"},"inLanguage":"fr-FR","potentialAction":[{"@type":"ReadAction","target":["https:\/\/www.casecervinia.com\/fr\/appartements"]}]},{"@type":"BreadcrumbList","@id":"https:\/\/www.casecervinia.com\/fr\/appartements#breadcrumb","itemListElement":[{"@type":"ListItem","position":1,"name":"Home","item":"https:\/\/www.casecervinia.com\/fr"},{"@type":"ListItem","position":2,"name":"Appartements"}]},{"@type":"WebSite","@id":"https:\/\/www.casecervinia.com\/#website","url":"https:\/\/www.casecervinia.com\/","name":"Case Cervinia","description":"L&#039;agenzia immobiliare specializzata su Cervinia","potentialAction":[{"@type":"SearchAction","target":{"@type":"EntryPoint","urlTemplate":"https:\/\/www.casecervinia.com\/?s={search_term_string}"},"query-input":{"@type":"PropertyValueSpecification","valueRequired":true,"valueName":"search_term_string"}}],"inLanguage":"fr-FR"}]}},"_links":{"self":[{"href":"https:\/\/www.casecervinia.com\/fr\/wp-json\/wp\/v2\/pages\/141","targetHints":{"allow":["GET"]}}],"collection":[{"href":"https:\/\/www.casecervinia.com\/fr\/wp-json\/wp\/v2\/pages"}],"about":[{"href":"https:\/\/www.casecervinia.com\/fr\/wp-json\/wp\/v2\/types\/page"}],"author":[{"embeddable":true,"href":"https:\/\/www.casecervinia.com\/fr\/wp-json\/wp\/v2\/users\/1"}],"replies":[{"embeddable":true,"href":"https:\/\/www.casecervinia.com\/fr\/wp-json\/wp\/v2\/comments?post=141"}],"version-history":[{"count":2,"href":"https:\/\/www.casecervinia.com\/fr\/wp-json\/wp\/v2\/pages\/141\/revisions"}],"predecessor-version":[{"id":199,"href":"https:\/\/www.casecervinia.com\/fr\/wp-json\/wp\/v2\/pages\/141\/revisions\/199"}],"wp:attachment":[{"href":"https:\/\/www.casecervinia.com\/fr\/wp-json\/wp\/v2\/media?parent=141"}],"curies":[{"name":"wp","href":"https:\/\/api.w.org\/{rel}","templated":true}]}}