{"id":184,"date":"2017-11-06T11:22:34","date_gmt":"2017-11-06T10:22:34","guid":{"rendered":"http:\/\/www.casecervinia.com?page_id=184"},"modified":"2017-11-16T18:03:19","modified_gmt":"2017-11-16T17:03:19","slug":"qui-sommes-nous","status":"publish","type":"page","link":"https:\/\/www.casecervinia.com\/fr\/qui-sommes-nous","title":{"rendered":"Qui sommes-nous"},"content":{"rendered":"<p>Vous souhaitez faire un excellent investissement \u00e9conomique dans un endroit de choix, qui ne conna\u00eet pas la crise mais seulement la croissance et o\u00f9 la neige est garantie toute l\u2019ann\u00e9e?<\/p>\n<p>La montagne et le ski vous passionnent et vous voulez une r\u00e9sidence secondaire afin de pratiquer ce sport y compris en haute saison et de fa\u00e7on continue, pendant que vos enfants se divertissent au ski club?<\/p>\n<p>Investir dans un appartement \u00e0 Cervinia est toujours un bon choix, quelque soit l\u2019usage que vous souhaitez en faire.<\/p>\n<p>Nos trente ans d\u2019 exp\u00e9rience et l\u2019\u00e9tude du march\u00e9 immobilier nous confirment que m\u00eame en p\u00e9riode de crise, le march\u00e9 touristique s\u2019est maintenu et le march\u00e9 immobilier n\u2019a pas subit de d\u00e9valuation importante.<\/p>\n<h2>Pourquoi acqu\u00e9rir un appartement \u00e0 Cervinia?<\/h2>\n<p><strong>Pour des raisons \u00e9conomiques<\/strong>: acqu\u00e9rir un bien \u00e0 Cervinia repr\u00e9sente un investissement immobilier en terme de r\u00e9evaluation de l\u2019investissement, en plus de la possibilit\u00e9 de mettre son bien \u00e0 profit, en le louant \u00e0 des fins touristiques.<\/p>\n<p>Le march\u00e9 immobilier \u00e0 Cervinia a maintenu une croissance constante. Deux exemples concrets parlent d\u2019eux-m\u00eames :<\/p>\n<ul>\n<li>Un 4 pi\u00e8ces situ\u00e9 dans une zone proche du centre achet\u00e9 270.000.000 lires en 1989 et vendu en 2017 \u00e0 440.000 euros.<\/li>\n<li>Un 3 pi\u00e8ces situ\u00e9 vers le d\u00e9part du t\u00e9l\u00e9ph\u00e9rique, achet\u00e9 270.000 euros en 2015, est actuellement \u00e9valu\u00e9 \u00e0 400.000 euros. Lou\u00e9 \u00e0 la semaine, il rapporte entre 13.000 et 16.000 euros brut par an.<\/li>\n<\/ul>\n<p><strong>Par amour<\/strong>: Cervinia est une station de ski appr\u00e9ci\u00e9e par les passionn\u00e9s de montagne, pour ses pistes en altitude, les panoramas, la liaison entre les vall\u00e9es et la proximit\u00e9 de Zermatt. Un vrai paradis pour les skieurs.<\/p>\n<p><strong>Pour des raisons de PRESTIGE<\/strong>: pour beaucoup de personnes qui fr\u00e9quentent Cervinia, \u00eatre propri\u00e9taire d\u2019une r\u00e9sidence secondaire procure un statut social et une forme d\u2019orgueil personnel. On invite des h\u00f4tes pour des moments conviviaux, on partage avec sa famille et ses amis une grande satisfaction : poss\u00e9der un appartement dans une des plus belles stations de ski d\u2019Italie.<\/p>\n<p><strong>Pour des raisons de LOGISTIQUE<\/strong>: pour qui est habitu\u00e9 \u00e0 skier tous les week ends, \u00eatre propri\u00e9taire d\u2019un appartement signifie avoir toujours un point de chute pour ses s\u00e9jours, avec toutes les commodit\u00e9s auxquelles on est habitu\u00e9es. Cela signifie voyager avec moins d\u2019encombrement car les skis, le mat\u00e9riel et les v\u00eatements restent sur place. Les enfants peuvent fr\u00e9quenter le ski club et voir leurs amis apr\u00e8s la journ\u00e9e de ski. Le tout \u00e0 des co\u00fbts nettement inf\u00e9rieurs par rapport \u00e0 des vacances \u00e0 l\u2019h\u00f4tel et avec une libert\u00e9 totale.<\/p>\n<h2>Pourquoi s\u2019adresser \u00e0 nous?<\/h2>\n<p>Par rapport aux autres agences, nous proposons le plus grand choix d\u2019appartements dans le centre de Cervinia et nous faisons de notre mieux pour en prendre soin. Depuis de nombreuses ann\u00e9es nous sommes appr\u00e9ci\u00e9s pour notre professionnalit\u00e9 et notre s\u00e9rieux.<\/p>\n<p>Nous faisons preuve d\u2019engagement et de d\u00e9votion dans notre travail tout en restant attentifs \u00e0 toutes les phases du contrat de vente, des n\u00e9gociations initiales \u00e0 l\u2019acte de vente. Nous pouvons vous pr\u00e9senter un panorama complet des offres, afin que vous puissiez faire des comparaisons. Nous savons \u00e0 quel point cette phase est d\u00e9licate et nous mettons \u00e0 votre service notre professionnalit\u00e9 et notre exp\u00e9rience pour que vous puissiez savourer l\u2019\u00e9motion d\u2019avoir r\u00e9alis\u00e9 votre r\u00eave.<\/p>\n<p>Si par la suite vous souhaitez louer votre propri\u00e9t\u00e9, nous pouvons nous occuper de la gestion des locations hebdomadaires ou saisonni\u00e8res, en fonction de vos objectifs.<\/p>\n<p>En tant qu\u2019associ\u00e9s FIAIP \u201cF\u00e9d\u00e9ration Italienne Agents Immobiliers Professionnels\u201d nous vous garantissons que le Code D\u00e9ontologique des Agents Immobiliers sera respect\u00e9.<\/p>\n","protected":false},"excerpt":{"rendered":"<p>Vous souhaitez faire un excellent investissement \u00e9conomique dans un endroit de choix, qui ne conna\u00eet pas la crise mais seulement la croissance et o\u00f9 la neige est garantie toute l\u2019ann\u00e9e? La montagne et le ski vous passionnent et vous voulez une r\u00e9sidence secondaire afin de pratiquer ce sport y compris en haute saison et de &hellip;<\/p>\n","protected":false},"author":1,"featured_media":0,"parent":0,"menu_order":0,"comment_status":"closed","ping_status":"closed","template":"","meta":{"_acf_changed":false,"footnotes":""},"class_list":["post-184","page","type-page","status-publish","hentry"],"acf":[],"yoast_head":"<!-- This site is optimized with the Yoast SEO plugin v27.3 - https:\/\/yoast.com\/product\/yoast-seo-wordpress\/ -->\n<title>Agence immobili\u00e8re Case Cervinia, Italie | Ventes aux prix comp\u00e9titifs<\/title>\n<meta name=\"description\" content=\"La premi\u00e8re agence immobili\u00e8re sp\u00e9cialis\u00e9e en vente d&#039;appartements \u00e0 Cervinia, associ\u00e9e au Consortium du Tourisme du Cervin.\" \/>\n<meta name=\"robots\" content=\"index, follow, max-snippet:-1, max-image-preview:large, max-video-preview:-1\" \/>\n<link rel=\"canonical\" href=\"https:\/\/www.casecervinia.com\/fr\/qui-sommes-nous\" \/>\n<meta property=\"og:locale\" content=\"fr_FR\" \/>\n<meta property=\"og:type\" content=\"article\" \/>\n<meta property=\"og:title\" content=\"Agence immobili\u00e8re Case Cervinia, Italie | Ventes aux prix comp\u00e9titifs\" \/>\n<meta property=\"og:description\" content=\"La premi\u00e8re agence immobili\u00e8re sp\u00e9cialis\u00e9e en vente d&#039;appartements \u00e0 Cervinia, associ\u00e9e au Consortium du Tourisme du Cervin.\" \/>\n<meta property=\"og:url\" content=\"https:\/\/www.casecervinia.com\/fr\/qui-sommes-nous\" \/>\n<meta property=\"og:site_name\" content=\"Case Cervinia\" \/>\n<meta property=\"article:modified_time\" content=\"2017-11-16T17:03:19+00:00\" \/>\n<meta name=\"twitter:card\" content=\"summary_large_image\" \/>\n<meta name=\"twitter:label1\" content=\"Dur\u00e9e de lecture estim\u00e9e\" \/>\n\t<meta name=\"twitter:data1\" content=\"3 minutes\" \/>\n<script type=\"application\/ld+json\" class=\"yoast-schema-graph\">{\"@context\":\"https:\\\/\\\/schema.org\",\"@graph\":[{\"@type\":\"WebPage\",\"@id\":\"https:\\\/\\\/www.casecervinia.com\\\/fr\\\/qui-sommes-nous\",\"url\":\"https:\\\/\\\/www.casecervinia.com\\\/fr\\\/qui-sommes-nous\",\"name\":\"Agence immobili\u00e8re Case Cervinia, Italie | Ventes aux prix comp\u00e9titifs\",\"isPartOf\":{\"@id\":\"https:\\\/\\\/www.casecervinia.com\\\/#website\"},\"datePublished\":\"2017-11-06T10:22:34+00:00\",\"dateModified\":\"2017-11-16T17:03:19+00:00\",\"description\":\"La premi\u00e8re agence immobili\u00e8re sp\u00e9cialis\u00e9e en vente d'appartements \u00e0 Cervinia, associ\u00e9e au Consortium du Tourisme du Cervin.\",\"breadcrumb\":{\"@id\":\"https:\\\/\\\/www.casecervinia.com\\\/fr\\\/qui-sommes-nous#breadcrumb\"},\"inLanguage\":\"fr-FR\",\"potentialAction\":[{\"@type\":\"ReadAction\",\"target\":[\"https:\\\/\\\/www.casecervinia.com\\\/fr\\\/qui-sommes-nous\"]}]},{\"@type\":\"BreadcrumbList\",\"@id\":\"https:\\\/\\\/www.casecervinia.com\\\/fr\\\/qui-sommes-nous#breadcrumb\",\"itemListElement\":[{\"@type\":\"ListItem\",\"position\":1,\"name\":\"Home\",\"item\":\"https:\\\/\\\/www.casecervinia.com\\\/fr\"},{\"@type\":\"ListItem\",\"position\":2,\"name\":\"Qui sommes-nous\"}]},{\"@type\":\"WebSite\",\"@id\":\"https:\\\/\\\/www.casecervinia.com\\\/#website\",\"url\":\"https:\\\/\\\/www.casecervinia.com\\\/\",\"name\":\"Case Cervinia\",\"description\":\"L&#039;agenzia immobiliare specializzata su Cervinia\",\"potentialAction\":[{\"@type\":\"SearchAction\",\"target\":{\"@type\":\"EntryPoint\",\"urlTemplate\":\"https:\\\/\\\/www.casecervinia.com\\\/?s={search_term_string}\"},\"query-input\":{\"@type\":\"PropertyValueSpecification\",\"valueRequired\":true,\"valueName\":\"search_term_string\"}}],\"inLanguage\":\"fr-FR\"}]}<\/script>\n<!-- \/ Yoast SEO plugin. -->","yoast_head_json":{"title":"Agence immobili\u00e8re Case Cervinia, Italie | Ventes aux prix comp\u00e9titifs","description":"La premi\u00e8re agence immobili\u00e8re sp\u00e9cialis\u00e9e en vente d'appartements \u00e0 Cervinia, associ\u00e9e au Consortium du Tourisme du Cervin.","robots":{"index":"index","follow":"follow","max-snippet":"max-snippet:-1","max-image-preview":"max-image-preview:large","max-video-preview":"max-video-preview:-1"},"canonical":"https:\/\/www.casecervinia.com\/fr\/qui-sommes-nous","og_locale":"fr_FR","og_type":"article","og_title":"Agence immobili\u00e8re Case Cervinia, Italie | Ventes aux prix comp\u00e9titifs","og_description":"La premi\u00e8re agence immobili\u00e8re sp\u00e9cialis\u00e9e en vente d'appartements \u00e0 Cervinia, associ\u00e9e au Consortium du Tourisme du Cervin.","og_url":"https:\/\/www.casecervinia.com\/fr\/qui-sommes-nous","og_site_name":"Case Cervinia","article_modified_time":"2017-11-16T17:03:19+00:00","twitter_card":"summary_large_image","twitter_misc":{"Dur\u00e9e de lecture estim\u00e9e":"3 minutes"},"schema":{"@context":"https:\/\/schema.org","@graph":[{"@type":"WebPage","@id":"https:\/\/www.casecervinia.com\/fr\/qui-sommes-nous","url":"https:\/\/www.casecervinia.com\/fr\/qui-sommes-nous","name":"Agence immobili\u00e8re Case Cervinia, Italie | Ventes aux prix comp\u00e9titifs","isPartOf":{"@id":"https:\/\/www.casecervinia.com\/#website"},"datePublished":"2017-11-06T10:22:34+00:00","dateModified":"2017-11-16T17:03:19+00:00","description":"La premi\u00e8re agence immobili\u00e8re sp\u00e9cialis\u00e9e en vente d'appartements \u00e0 Cervinia, associ\u00e9e au Consortium du Tourisme du Cervin.","breadcrumb":{"@id":"https:\/\/www.casecervinia.com\/fr\/qui-sommes-nous#breadcrumb"},"inLanguage":"fr-FR","potentialAction":[{"@type":"ReadAction","target":["https:\/\/www.casecervinia.com\/fr\/qui-sommes-nous"]}]},{"@type":"BreadcrumbList","@id":"https:\/\/www.casecervinia.com\/fr\/qui-sommes-nous#breadcrumb","itemListElement":[{"@type":"ListItem","position":1,"name":"Home","item":"https:\/\/www.casecervinia.com\/fr"},{"@type":"ListItem","position":2,"name":"Qui sommes-nous"}]},{"@type":"WebSite","@id":"https:\/\/www.casecervinia.com\/#website","url":"https:\/\/www.casecervinia.com\/","name":"Case Cervinia","description":"L&#039;agenzia immobiliare specializzata su Cervinia","potentialAction":[{"@type":"SearchAction","target":{"@type":"EntryPoint","urlTemplate":"https:\/\/www.casecervinia.com\/?s={search_term_string}"},"query-input":{"@type":"PropertyValueSpecification","valueRequired":true,"valueName":"search_term_string"}}],"inLanguage":"fr-FR"}]}},"_links":{"self":[{"href":"https:\/\/www.casecervinia.com\/fr\/wp-json\/wp\/v2\/pages\/184","targetHints":{"allow":["GET"]}}],"collection":[{"href":"https:\/\/www.casecervinia.com\/fr\/wp-json\/wp\/v2\/pages"}],"about":[{"href":"https:\/\/www.casecervinia.com\/fr\/wp-json\/wp\/v2\/types\/page"}],"author":[{"embeddable":true,"href":"https:\/\/www.casecervinia.com\/fr\/wp-json\/wp\/v2\/users\/1"}],"replies":[{"embeddable":true,"href":"https:\/\/www.casecervinia.com\/fr\/wp-json\/wp\/v2\/comments?post=184"}],"version-history":[{"count":1,"href":"https:\/\/www.casecervinia.com\/fr\/wp-json\/wp\/v2\/pages\/184\/revisions"}],"predecessor-version":[{"id":185,"href":"https:\/\/www.casecervinia.com\/fr\/wp-json\/wp\/v2\/pages\/184\/revisions\/185"}],"wp:attachment":[{"href":"https:\/\/www.casecervinia.com\/fr\/wp-json\/wp\/v2\/media?parent=184"}],"curies":[{"name":"wp","href":"https:\/\/api.w.org\/{rel}","templated":true}]}}