{"id":186,"date":"2017-11-06T11:24:26","date_gmt":"2017-11-06T10:24:26","guid":{"rendered":"http:\/\/www.casecervinia.com?page_id=186"},"modified":"2017-11-16T17:50:06","modified_gmt":"2017-11-16T16:50:06","slug":"centre-de-cervinia","status":"publish","type":"page","link":"https:\/\/www.casecervinia.com\/fr\/centre-de-cervinia","title":{"rendered":"Centre de Cervinia"},"content":{"rendered":"<p>Le coeur de Cervinia est la Via Carrel, une rue pi\u00e9tonne o\u00f9 se cotoient d\u2019excellents restaurants, des locaux caract\u00e9ristiques et des magasins. Le centre se d\u00e9veloppe tout autour : tout est \u00e0 port\u00e9e de main ici.<\/p>\n<p>Deux t\u00e9l\u00e9si\u00e8ges modernes et rapides permettent de rejoindre l\u2019extraordinaire domaine skiable du Cervino Ski Paradise depuis le centre du village.<\/p>\n<p>Nos appartements situ\u00e9s dans le centre repr\u00e9sentent un excellent investissement en terme de rentabilit\u00e9 et d\u2019usage. Ce sont les plus demand\u00e9s car ils offrent un m\u00e9lange parfait entre commodit\u00e9, disponibilit\u00e9 des services et proximit\u00e9 des pistes.<\/p>\n","protected":false},"excerpt":{"rendered":"<p>Le coeur de Cervinia est la Via Carrel, une rue pi\u00e9tonne o\u00f9 se cotoient d\u2019excellents restaurants, des locaux caract\u00e9ristiques et des magasins. Le centre se d\u00e9veloppe tout autour : tout est \u00e0 port\u00e9e de main ici. Deux t\u00e9l\u00e9si\u00e8ges modernes et rapides permettent de rejoindre l\u2019extraordinaire domaine skiable du Cervino Ski Paradise depuis le centre du &hellip;<\/p>\n","protected":false},"author":1,"featured_media":0,"parent":0,"menu_order":0,"comment_status":"closed","ping_status":"closed","template":"page-templates\/listing_appartamenti.php","meta":{"_acf_changed":false,"footnotes":""},"class_list":["post-186","page","type-page","status-publish","hentry"],"acf":[],"yoast_head":"<!-- This site is optimized with the Yoast SEO plugin v27.3 - https:\/\/yoast.com\/product\/yoast-seo-wordpress\/ -->\n<title>Appartements en vente au coeur de Cervinia Valtournenche, Italie<\/title>\n<meta name=\"description\" content=\"Choisissez parmi une grande s\u00e9lection d&#039;appartements en vente au coeur de Cervinia: s\u00e9lectionnez le type et les services de votre nouveau maison\" \/>\n<meta name=\"robots\" content=\"index, follow, max-snippet:-1, max-image-preview:large, max-video-preview:-1\" \/>\n<link rel=\"canonical\" href=\"https:\/\/www.casecervinia.com\/fr\/centre-de-cervinia\" \/>\n<meta property=\"og:locale\" content=\"fr_FR\" \/>\n<meta property=\"og:type\" content=\"article\" \/>\n<meta property=\"og:title\" content=\"Appartements en vente au coeur de Cervinia Valtournenche, Italie\" \/>\n<meta property=\"og:description\" content=\"Choisissez parmi une grande s\u00e9lection d&#039;appartements en vente au coeur de Cervinia: s\u00e9lectionnez le type et les services de votre nouveau maison\" \/>\n<meta property=\"og:url\" content=\"https:\/\/www.casecervinia.com\/fr\/centre-de-cervinia\" \/>\n<meta property=\"og:site_name\" content=\"Case Cervinia\" \/>\n<meta property=\"article:modified_time\" content=\"2017-11-16T16:50:06+00:00\" \/>\n<meta name=\"twitter:card\" content=\"summary_large_image\" \/>\n<meta name=\"twitter:label1\" content=\"Dur\u00e9e de lecture estim\u00e9e\" \/>\n\t<meta name=\"twitter:data1\" content=\"1 minute\" \/>\n<script type=\"application\/ld+json\" class=\"yoast-schema-graph\">{\"@context\":\"https:\\\/\\\/schema.org\",\"@graph\":[{\"@type\":\"WebPage\",\"@id\":\"https:\\\/\\\/www.casecervinia.com\\\/fr\\\/centre-de-cervinia\",\"url\":\"https:\\\/\\\/www.casecervinia.com\\\/fr\\\/centre-de-cervinia\",\"name\":\"Appartements en vente au coeur de Cervinia Valtournenche, Italie\",\"isPartOf\":{\"@id\":\"https:\\\/\\\/www.casecervinia.com\\\/#website\"},\"datePublished\":\"2017-11-06T10:24:26+00:00\",\"dateModified\":\"2017-11-16T16:50:06+00:00\",\"description\":\"Choisissez parmi une grande s\u00e9lection d'appartements en vente au coeur de Cervinia: s\u00e9lectionnez le type et les services de votre nouveau maison\",\"breadcrumb\":{\"@id\":\"https:\\\/\\\/www.casecervinia.com\\\/fr\\\/centre-de-cervinia#breadcrumb\"},\"inLanguage\":\"fr-FR\",\"potentialAction\":[{\"@type\":\"ReadAction\",\"target\":[\"https:\\\/\\\/www.casecervinia.com\\\/fr\\\/centre-de-cervinia\"]}]},{\"@type\":\"BreadcrumbList\",\"@id\":\"https:\\\/\\\/www.casecervinia.com\\\/fr\\\/centre-de-cervinia#breadcrumb\",\"itemListElement\":[{\"@type\":\"ListItem\",\"position\":1,\"name\":\"Home\",\"item\":\"https:\\\/\\\/www.casecervinia.com\\\/fr\"},{\"@type\":\"ListItem\",\"position\":2,\"name\":\"Centre de Cervinia\"}]},{\"@type\":\"WebSite\",\"@id\":\"https:\\\/\\\/www.casecervinia.com\\\/#website\",\"url\":\"https:\\\/\\\/www.casecervinia.com\\\/\",\"name\":\"Case Cervinia\",\"description\":\"L&#039;agenzia immobiliare specializzata su Cervinia\",\"potentialAction\":[{\"@type\":\"SearchAction\",\"target\":{\"@type\":\"EntryPoint\",\"urlTemplate\":\"https:\\\/\\\/www.casecervinia.com\\\/?s={search_term_string}\"},\"query-input\":{\"@type\":\"PropertyValueSpecification\",\"valueRequired\":true,\"valueName\":\"search_term_string\"}}],\"inLanguage\":\"fr-FR\"}]}<\/script>\n<!-- \/ Yoast SEO plugin. -->","yoast_head_json":{"title":"Appartements en vente au coeur de Cervinia Valtournenche, Italie","description":"Choisissez parmi une grande s\u00e9lection d'appartements en vente au coeur de Cervinia: s\u00e9lectionnez le type et les services de votre nouveau maison","robots":{"index":"index","follow":"follow","max-snippet":"max-snippet:-1","max-image-preview":"max-image-preview:large","max-video-preview":"max-video-preview:-1"},"canonical":"https:\/\/www.casecervinia.com\/fr\/centre-de-cervinia","og_locale":"fr_FR","og_type":"article","og_title":"Appartements en vente au coeur de Cervinia Valtournenche, Italie","og_description":"Choisissez parmi une grande s\u00e9lection d'appartements en vente au coeur de Cervinia: s\u00e9lectionnez le type et les services de votre nouveau maison","og_url":"https:\/\/www.casecervinia.com\/fr\/centre-de-cervinia","og_site_name":"Case Cervinia","article_modified_time":"2017-11-16T16:50:06+00:00","twitter_card":"summary_large_image","twitter_misc":{"Dur\u00e9e de lecture estim\u00e9e":"1 minute"},"schema":{"@context":"https:\/\/schema.org","@graph":[{"@type":"WebPage","@id":"https:\/\/www.casecervinia.com\/fr\/centre-de-cervinia","url":"https:\/\/www.casecervinia.com\/fr\/centre-de-cervinia","name":"Appartements en vente au coeur de Cervinia Valtournenche, Italie","isPartOf":{"@id":"https:\/\/www.casecervinia.com\/#website"},"datePublished":"2017-11-06T10:24:26+00:00","dateModified":"2017-11-16T16:50:06+00:00","description":"Choisissez parmi une grande s\u00e9lection d'appartements en vente au coeur de Cervinia: s\u00e9lectionnez le type et les services de votre nouveau maison","breadcrumb":{"@id":"https:\/\/www.casecervinia.com\/fr\/centre-de-cervinia#breadcrumb"},"inLanguage":"fr-FR","potentialAction":[{"@type":"ReadAction","target":["https:\/\/www.casecervinia.com\/fr\/centre-de-cervinia"]}]},{"@type":"BreadcrumbList","@id":"https:\/\/www.casecervinia.com\/fr\/centre-de-cervinia#breadcrumb","itemListElement":[{"@type":"ListItem","position":1,"name":"Home","item":"https:\/\/www.casecervinia.com\/fr"},{"@type":"ListItem","position":2,"name":"Centre de Cervinia"}]},{"@type":"WebSite","@id":"https:\/\/www.casecervinia.com\/#website","url":"https:\/\/www.casecervinia.com\/","name":"Case Cervinia","description":"L&#039;agenzia immobiliare specializzata su Cervinia","potentialAction":[{"@type":"SearchAction","target":{"@type":"EntryPoint","urlTemplate":"https:\/\/www.casecervinia.com\/?s={search_term_string}"},"query-input":{"@type":"PropertyValueSpecification","valueRequired":true,"valueName":"search_term_string"}}],"inLanguage":"fr-FR"}]}},"_links":{"self":[{"href":"https:\/\/www.casecervinia.com\/fr\/wp-json\/wp\/v2\/pages\/186","targetHints":{"allow":["GET"]}}],"collection":[{"href":"https:\/\/www.casecervinia.com\/fr\/wp-json\/wp\/v2\/pages"}],"about":[{"href":"https:\/\/www.casecervinia.com\/fr\/wp-json\/wp\/v2\/types\/page"}],"author":[{"embeddable":true,"href":"https:\/\/www.casecervinia.com\/fr\/wp-json\/wp\/v2\/users\/1"}],"replies":[{"embeddable":true,"href":"https:\/\/www.casecervinia.com\/fr\/wp-json\/wp\/v2\/comments?post=186"}],"version-history":[{"count":1,"href":"https:\/\/www.casecervinia.com\/fr\/wp-json\/wp\/v2\/pages\/186\/revisions"}],"predecessor-version":[{"id":187,"href":"https:\/\/www.casecervinia.com\/fr\/wp-json\/wp\/v2\/pages\/186\/revisions\/187"}],"wp:attachment":[{"href":"https:\/\/www.casecervinia.com\/fr\/wp-json\/wp\/v2\/media?parent=186"}],"curies":[{"name":"wp","href":"https:\/\/api.w.org\/{rel}","templated":true}]}}