{"id":188,"date":"2017-11-06T11:26:30","date_gmt":"2017-11-06T10:26:30","guid":{"rendered":"http:\/\/www.casecervinia.com?page_id=188"},"modified":"2017-11-16T17:51:22","modified_gmt":"2017-11-16T16:51:22","slug":"cervinia-depart-du-telepherique","status":"publish","type":"page","link":"https:\/\/www.casecervinia.com\/fr\/cervinia-depart-du-telepherique","title":{"rendered":"Cervinia d\u00e9part du t\u00e9l\u00e9ph\u00e9rique"},"content":{"rendered":"<p>La station du t\u00e9l\u00e9ph\u00e9rique pour Plan Maison est construite sur un promontoire \u00e0 cinq minutes ( environ 250 m\u00e8tres) du centre du village. Cette zone est id\u00e9ale pour les skieurs enthousiastes qui veulent \u00eatre les premiers \u00e0 laisser leurs traces sur les pistes t\u00f4t le matin. L\u2019acc\u00e8s aux remont\u00e9es m\u00e9caniques est pratique (quelque soit la saison) et de nombreuses pistes y arrivent, ce qui permet de rentrer avec les skis aux pieds (en hiver).<\/p>\n<p>Nous disposons d\u2019un vaste choix d\u2019appartements situ\u00e9s dans de grands immeubles : de l\u2019 ample appartement pour les familles au simple pied \u00e0 terre de 28 m2 pour les couples qui s\u2019\u00e9chappent le temps d\u2019un week end.<\/p>\n","protected":false},"excerpt":{"rendered":"<p>La station du t\u00e9l\u00e9ph\u00e9rique pour Plan Maison est construite sur un promontoire \u00e0 cinq minutes ( environ 250 m\u00e8tres) du centre du village. Cette zone est id\u00e9ale pour les skieurs enthousiastes qui veulent \u00eatre les premiers \u00e0 laisser leurs traces sur les pistes t\u00f4t le matin. L\u2019acc\u00e8s aux remont\u00e9es m\u00e9caniques est pratique (quelque soit la &hellip;<\/p>\n","protected":false},"author":1,"featured_media":0,"parent":0,"menu_order":0,"comment_status":"closed","ping_status":"closed","template":"page-templates\/listing_appartamenti.php","meta":{"_acf_changed":false,"footnotes":""},"class_list":["post-188","page","type-page","status-publish","hentry"],"acf":[],"yoast_head":"<!-- This site is optimized with the Yoast SEO plugin v27.3 - https:\/\/yoast.com\/product\/yoast-seo-wordpress\/ -->\n<title>Appartements en vente pr\u00e8s des t\u00e9l\u00e9ph\u00e9riques \u00e0 Cervinia, Italie<\/title>\n<meta name=\"description\" content=\"Choisissez parmi une s\u00e9lection d&#039;appartements en vente pr\u00e8s de la t\u00e9l\u00e9ph\u00e9rique \u00e0 Cervinia: s\u00e9lectionnez le type et les services de votre nouveau maison\" \/>\n<meta name=\"robots\" content=\"index, follow, max-snippet:-1, max-image-preview:large, max-video-preview:-1\" \/>\n<link rel=\"canonical\" href=\"https:\/\/www.casecervinia.com\/fr\/cervinia-depart-du-telepherique\" \/>\n<meta property=\"og:locale\" content=\"fr_FR\" \/>\n<meta property=\"og:type\" content=\"article\" \/>\n<meta property=\"og:title\" content=\"Appartements en vente pr\u00e8s des t\u00e9l\u00e9ph\u00e9riques \u00e0 Cervinia, Italie\" \/>\n<meta property=\"og:description\" content=\"Choisissez parmi une s\u00e9lection d&#039;appartements en vente pr\u00e8s de la t\u00e9l\u00e9ph\u00e9rique \u00e0 Cervinia: s\u00e9lectionnez le type et les services de votre nouveau maison\" \/>\n<meta property=\"og:url\" content=\"https:\/\/www.casecervinia.com\/fr\/cervinia-depart-du-telepherique\" \/>\n<meta property=\"og:site_name\" content=\"Case Cervinia\" \/>\n<meta property=\"article:modified_time\" content=\"2017-11-16T16:51:22+00:00\" \/>\n<meta name=\"twitter:card\" content=\"summary_large_image\" \/>\n<meta name=\"twitter:label1\" content=\"Dur\u00e9e de lecture estim\u00e9e\" \/>\n\t<meta name=\"twitter:data1\" content=\"1 minute\" \/>\n<script type=\"application\/ld+json\" class=\"yoast-schema-graph\">{\"@context\":\"https:\\\/\\\/schema.org\",\"@graph\":[{\"@type\":\"WebPage\",\"@id\":\"https:\\\/\\\/www.casecervinia.com\\\/fr\\\/cervinia-depart-du-telepherique\",\"url\":\"https:\\\/\\\/www.casecervinia.com\\\/fr\\\/cervinia-depart-du-telepherique\",\"name\":\"Appartements en vente pr\u00e8s des t\u00e9l\u00e9ph\u00e9riques \u00e0 Cervinia, Italie\",\"isPartOf\":{\"@id\":\"https:\\\/\\\/www.casecervinia.com\\\/#website\"},\"datePublished\":\"2017-11-06T10:26:30+00:00\",\"dateModified\":\"2017-11-16T16:51:22+00:00\",\"description\":\"Choisissez parmi une s\u00e9lection d'appartements en vente pr\u00e8s de la t\u00e9l\u00e9ph\u00e9rique \u00e0 Cervinia: s\u00e9lectionnez le type et les services de votre nouveau maison\",\"breadcrumb\":{\"@id\":\"https:\\\/\\\/www.casecervinia.com\\\/fr\\\/cervinia-depart-du-telepherique#breadcrumb\"},\"inLanguage\":\"fr-FR\",\"potentialAction\":[{\"@type\":\"ReadAction\",\"target\":[\"https:\\\/\\\/www.casecervinia.com\\\/fr\\\/cervinia-depart-du-telepherique\"]}]},{\"@type\":\"BreadcrumbList\",\"@id\":\"https:\\\/\\\/www.casecervinia.com\\\/fr\\\/cervinia-depart-du-telepherique#breadcrumb\",\"itemListElement\":[{\"@type\":\"ListItem\",\"position\":1,\"name\":\"Home\",\"item\":\"https:\\\/\\\/www.casecervinia.com\\\/fr\"},{\"@type\":\"ListItem\",\"position\":2,\"name\":\"Cervinia d\u00e9part du t\u00e9l\u00e9ph\u00e9rique\"}]},{\"@type\":\"WebSite\",\"@id\":\"https:\\\/\\\/www.casecervinia.com\\\/#website\",\"url\":\"https:\\\/\\\/www.casecervinia.com\\\/\",\"name\":\"Case Cervinia\",\"description\":\"L&#039;agenzia immobiliare specializzata su Cervinia\",\"potentialAction\":[{\"@type\":\"SearchAction\",\"target\":{\"@type\":\"EntryPoint\",\"urlTemplate\":\"https:\\\/\\\/www.casecervinia.com\\\/?s={search_term_string}\"},\"query-input\":{\"@type\":\"PropertyValueSpecification\",\"valueRequired\":true,\"valueName\":\"search_term_string\"}}],\"inLanguage\":\"fr-FR\"}]}<\/script>\n<!-- \/ Yoast SEO plugin. -->","yoast_head_json":{"title":"Appartements en vente pr\u00e8s des t\u00e9l\u00e9ph\u00e9riques \u00e0 Cervinia, Italie","description":"Choisissez parmi une s\u00e9lection d'appartements en vente pr\u00e8s de la t\u00e9l\u00e9ph\u00e9rique \u00e0 Cervinia: s\u00e9lectionnez le type et les services de votre nouveau maison","robots":{"index":"index","follow":"follow","max-snippet":"max-snippet:-1","max-image-preview":"max-image-preview:large","max-video-preview":"max-video-preview:-1"},"canonical":"https:\/\/www.casecervinia.com\/fr\/cervinia-depart-du-telepherique","og_locale":"fr_FR","og_type":"article","og_title":"Appartements en vente pr\u00e8s des t\u00e9l\u00e9ph\u00e9riques \u00e0 Cervinia, Italie","og_description":"Choisissez parmi une s\u00e9lection d'appartements en vente pr\u00e8s de la t\u00e9l\u00e9ph\u00e9rique \u00e0 Cervinia: s\u00e9lectionnez le type et les services de votre nouveau maison","og_url":"https:\/\/www.casecervinia.com\/fr\/cervinia-depart-du-telepherique","og_site_name":"Case Cervinia","article_modified_time":"2017-11-16T16:51:22+00:00","twitter_card":"summary_large_image","twitter_misc":{"Dur\u00e9e de lecture estim\u00e9e":"1 minute"},"schema":{"@context":"https:\/\/schema.org","@graph":[{"@type":"WebPage","@id":"https:\/\/www.casecervinia.com\/fr\/cervinia-depart-du-telepherique","url":"https:\/\/www.casecervinia.com\/fr\/cervinia-depart-du-telepherique","name":"Appartements en vente pr\u00e8s des t\u00e9l\u00e9ph\u00e9riques \u00e0 Cervinia, Italie","isPartOf":{"@id":"https:\/\/www.casecervinia.com\/#website"},"datePublished":"2017-11-06T10:26:30+00:00","dateModified":"2017-11-16T16:51:22+00:00","description":"Choisissez parmi une s\u00e9lection d'appartements en vente pr\u00e8s de la t\u00e9l\u00e9ph\u00e9rique \u00e0 Cervinia: s\u00e9lectionnez le type et les services de votre nouveau maison","breadcrumb":{"@id":"https:\/\/www.casecervinia.com\/fr\/cervinia-depart-du-telepherique#breadcrumb"},"inLanguage":"fr-FR","potentialAction":[{"@type":"ReadAction","target":["https:\/\/www.casecervinia.com\/fr\/cervinia-depart-du-telepherique"]}]},{"@type":"BreadcrumbList","@id":"https:\/\/www.casecervinia.com\/fr\/cervinia-depart-du-telepherique#breadcrumb","itemListElement":[{"@type":"ListItem","position":1,"name":"Home","item":"https:\/\/www.casecervinia.com\/fr"},{"@type":"ListItem","position":2,"name":"Cervinia d\u00e9part du t\u00e9l\u00e9ph\u00e9rique"}]},{"@type":"WebSite","@id":"https:\/\/www.casecervinia.com\/#website","url":"https:\/\/www.casecervinia.com\/","name":"Case Cervinia","description":"L&#039;agenzia immobiliare specializzata su Cervinia","potentialAction":[{"@type":"SearchAction","target":{"@type":"EntryPoint","urlTemplate":"https:\/\/www.casecervinia.com\/?s={search_term_string}"},"query-input":{"@type":"PropertyValueSpecification","valueRequired":true,"valueName":"search_term_string"}}],"inLanguage":"fr-FR"}]}},"_links":{"self":[{"href":"https:\/\/www.casecervinia.com\/fr\/wp-json\/wp\/v2\/pages\/188","targetHints":{"allow":["GET"]}}],"collection":[{"href":"https:\/\/www.casecervinia.com\/fr\/wp-json\/wp\/v2\/pages"}],"about":[{"href":"https:\/\/www.casecervinia.com\/fr\/wp-json\/wp\/v2\/types\/page"}],"author":[{"embeddable":true,"href":"https:\/\/www.casecervinia.com\/fr\/wp-json\/wp\/v2\/users\/1"}],"replies":[{"embeddable":true,"href":"https:\/\/www.casecervinia.com\/fr\/wp-json\/wp\/v2\/comments?post=188"}],"version-history":[{"count":1,"href":"https:\/\/www.casecervinia.com\/fr\/wp-json\/wp\/v2\/pages\/188\/revisions"}],"predecessor-version":[{"id":189,"href":"https:\/\/www.casecervinia.com\/fr\/wp-json\/wp\/v2\/pages\/188\/revisions\/189"}],"wp:attachment":[{"href":"https:\/\/www.casecervinia.com\/fr\/wp-json\/wp\/v2\/media?parent=188"}],"curies":[{"name":"wp","href":"https:\/\/api.w.org\/{rel}","templated":true}]}}