{"id":190,"date":"2017-11-06T11:27:21","date_gmt":"2017-11-06T10:27:21","guid":{"rendered":"http:\/\/www.casecervinia.com?page_id=190"},"modified":"2017-11-16T17:53:43","modified_gmt":"2017-11-16T16:53:43","slug":"cielo-alto","status":"publish","type":"page","link":"https:\/\/www.casecervinia.com\/fr\/cielo-alto","title":{"rendered":"Cielo Alto"},"content":{"rendered":"<p>Cette zone repr\u00e9sente un bon compromis pour qui d\u00e9sire une maison pour ses vacances sans \u00eatre trop loin de Cervinia, \u00e0 des prix plus int\u00e9ressants par rapport au centre. Cielo Alto est une zone r\u00e9sidentielle \u00e0 environ 1,5 km du centre, situ\u00e9e sur un promontoire bois\u00e9 en face du Breuil, reli\u00e9 au coeur de Cervinia par un service navette diurne. Bord\u00e9 de pistes rouges et noires parmi les blus belles de la station, Cielo Alto offre des panoramas \u00e0 vous couper le souffle.<\/p>\n","protected":false},"excerpt":{"rendered":"<p>Cette zone repr\u00e9sente un bon compromis pour qui d\u00e9sire une maison pour ses vacances sans \u00eatre trop loin de Cervinia, \u00e0 des prix plus int\u00e9ressants par rapport au centre. Cielo Alto est une zone r\u00e9sidentielle \u00e0 environ 1,5 km du centre, situ\u00e9e sur un promontoire bois\u00e9 en face du Breuil, reli\u00e9 au coeur de Cervinia &hellip;<\/p>\n","protected":false},"author":1,"featured_media":0,"parent":0,"menu_order":0,"comment_status":"closed","ping_status":"closed","template":"page-templates\/listing_appartamenti.php","meta":{"_acf_changed":false,"footnotes":""},"class_list":["post-190","page","type-page","status-publish","hentry"],"acf":[],"yoast_head":"<!-- This site is optimized with the Yoast SEO plugin v27.3 - https:\/\/yoast.com\/product\/yoast-seo-wordpress\/ -->\n<title>Appartements en vente en zone r\u00e9sidentielle Cielo Alto \u00e0 Cervinia, Italie<\/title>\n<meta name=\"description\" content=\"Choisissez parmi une s\u00e9lection d&#039;appartements en vente dans la zone Cielo Alto \u00e0 Cervinia: s\u00e9lectionnez le type et les services de votre nouveau maison\" \/>\n<meta name=\"robots\" content=\"index, follow, max-snippet:-1, max-image-preview:large, max-video-preview:-1\" \/>\n<link rel=\"canonical\" href=\"https:\/\/www.casecervinia.com\/fr\/cielo-alto\" \/>\n<meta property=\"og:locale\" content=\"fr_FR\" \/>\n<meta property=\"og:type\" content=\"article\" \/>\n<meta property=\"og:title\" content=\"Appartements en vente en zone r\u00e9sidentielle Cielo Alto \u00e0 Cervinia, Italie\" \/>\n<meta property=\"og:description\" content=\"Choisissez parmi une s\u00e9lection d&#039;appartements en vente dans la zone Cielo Alto \u00e0 Cervinia: s\u00e9lectionnez le type et les services de votre nouveau maison\" \/>\n<meta property=\"og:url\" content=\"https:\/\/www.casecervinia.com\/fr\/cielo-alto\" \/>\n<meta property=\"og:site_name\" content=\"Case Cervinia\" \/>\n<meta property=\"article:modified_time\" content=\"2017-11-16T16:53:43+00:00\" \/>\n<meta name=\"twitter:card\" content=\"summary_large_image\" \/>\n<script type=\"application\/ld+json\" class=\"yoast-schema-graph\">{\"@context\":\"https:\\\/\\\/schema.org\",\"@graph\":[{\"@type\":\"WebPage\",\"@id\":\"https:\\\/\\\/www.casecervinia.com\\\/fr\\\/cielo-alto\",\"url\":\"https:\\\/\\\/www.casecervinia.com\\\/fr\\\/cielo-alto\",\"name\":\"Appartements en vente en zone r\u00e9sidentielle Cielo Alto \u00e0 Cervinia, Italie\",\"isPartOf\":{\"@id\":\"https:\\\/\\\/www.casecervinia.com\\\/#website\"},\"datePublished\":\"2017-11-06T10:27:21+00:00\",\"dateModified\":\"2017-11-16T16:53:43+00:00\",\"description\":\"Choisissez parmi une s\u00e9lection d'appartements en vente dans la zone Cielo Alto \u00e0 Cervinia: s\u00e9lectionnez le type et les services de votre nouveau maison\",\"breadcrumb\":{\"@id\":\"https:\\\/\\\/www.casecervinia.com\\\/fr\\\/cielo-alto#breadcrumb\"},\"inLanguage\":\"fr-FR\",\"potentialAction\":[{\"@type\":\"ReadAction\",\"target\":[\"https:\\\/\\\/www.casecervinia.com\\\/fr\\\/cielo-alto\"]}]},{\"@type\":\"BreadcrumbList\",\"@id\":\"https:\\\/\\\/www.casecervinia.com\\\/fr\\\/cielo-alto#breadcrumb\",\"itemListElement\":[{\"@type\":\"ListItem\",\"position\":1,\"name\":\"Home\",\"item\":\"https:\\\/\\\/www.casecervinia.com\\\/fr\"},{\"@type\":\"ListItem\",\"position\":2,\"name\":\"Cielo Alto\"}]},{\"@type\":\"WebSite\",\"@id\":\"https:\\\/\\\/www.casecervinia.com\\\/#website\",\"url\":\"https:\\\/\\\/www.casecervinia.com\\\/\",\"name\":\"Case Cervinia\",\"description\":\"L&#039;agenzia immobiliare specializzata su Cervinia\",\"potentialAction\":[{\"@type\":\"SearchAction\",\"target\":{\"@type\":\"EntryPoint\",\"urlTemplate\":\"https:\\\/\\\/www.casecervinia.com\\\/?s={search_term_string}\"},\"query-input\":{\"@type\":\"PropertyValueSpecification\",\"valueRequired\":true,\"valueName\":\"search_term_string\"}}],\"inLanguage\":\"fr-FR\"}]}<\/script>\n<!-- \/ Yoast SEO plugin. -->","yoast_head_json":{"title":"Appartements en vente en zone r\u00e9sidentielle Cielo Alto \u00e0 Cervinia, Italie","description":"Choisissez parmi une s\u00e9lection d'appartements en vente dans la zone Cielo Alto \u00e0 Cervinia: s\u00e9lectionnez le type et les services de votre nouveau maison","robots":{"index":"index","follow":"follow","max-snippet":"max-snippet:-1","max-image-preview":"max-image-preview:large","max-video-preview":"max-video-preview:-1"},"canonical":"https:\/\/www.casecervinia.com\/fr\/cielo-alto","og_locale":"fr_FR","og_type":"article","og_title":"Appartements en vente en zone r\u00e9sidentielle Cielo Alto \u00e0 Cervinia, Italie","og_description":"Choisissez parmi une s\u00e9lection d'appartements en vente dans la zone Cielo Alto \u00e0 Cervinia: s\u00e9lectionnez le type et les services de votre nouveau maison","og_url":"https:\/\/www.casecervinia.com\/fr\/cielo-alto","og_site_name":"Case Cervinia","article_modified_time":"2017-11-16T16:53:43+00:00","twitter_card":"summary_large_image","schema":{"@context":"https:\/\/schema.org","@graph":[{"@type":"WebPage","@id":"https:\/\/www.casecervinia.com\/fr\/cielo-alto","url":"https:\/\/www.casecervinia.com\/fr\/cielo-alto","name":"Appartements en vente en zone r\u00e9sidentielle Cielo Alto \u00e0 Cervinia, Italie","isPartOf":{"@id":"https:\/\/www.casecervinia.com\/#website"},"datePublished":"2017-11-06T10:27:21+00:00","dateModified":"2017-11-16T16:53:43+00:00","description":"Choisissez parmi une s\u00e9lection d'appartements en vente dans la zone Cielo Alto \u00e0 Cervinia: s\u00e9lectionnez le type et les services de votre nouveau maison","breadcrumb":{"@id":"https:\/\/www.casecervinia.com\/fr\/cielo-alto#breadcrumb"},"inLanguage":"fr-FR","potentialAction":[{"@type":"ReadAction","target":["https:\/\/www.casecervinia.com\/fr\/cielo-alto"]}]},{"@type":"BreadcrumbList","@id":"https:\/\/www.casecervinia.com\/fr\/cielo-alto#breadcrumb","itemListElement":[{"@type":"ListItem","position":1,"name":"Home","item":"https:\/\/www.casecervinia.com\/fr"},{"@type":"ListItem","position":2,"name":"Cielo Alto"}]},{"@type":"WebSite","@id":"https:\/\/www.casecervinia.com\/#website","url":"https:\/\/www.casecervinia.com\/","name":"Case Cervinia","description":"L&#039;agenzia immobiliare specializzata su Cervinia","potentialAction":[{"@type":"SearchAction","target":{"@type":"EntryPoint","urlTemplate":"https:\/\/www.casecervinia.com\/?s={search_term_string}"},"query-input":{"@type":"PropertyValueSpecification","valueRequired":true,"valueName":"search_term_string"}}],"inLanguage":"fr-FR"}]}},"_links":{"self":[{"href":"https:\/\/www.casecervinia.com\/fr\/wp-json\/wp\/v2\/pages\/190","targetHints":{"allow":["GET"]}}],"collection":[{"href":"https:\/\/www.casecervinia.com\/fr\/wp-json\/wp\/v2\/pages"}],"about":[{"href":"https:\/\/www.casecervinia.com\/fr\/wp-json\/wp\/v2\/types\/page"}],"author":[{"embeddable":true,"href":"https:\/\/www.casecervinia.com\/fr\/wp-json\/wp\/v2\/users\/1"}],"replies":[{"embeddable":true,"href":"https:\/\/www.casecervinia.com\/fr\/wp-json\/wp\/v2\/comments?post=190"}],"version-history":[{"count":1,"href":"https:\/\/www.casecervinia.com\/fr\/wp-json\/wp\/v2\/pages\/190\/revisions"}],"predecessor-version":[{"id":191,"href":"https:\/\/www.casecervinia.com\/fr\/wp-json\/wp\/v2\/pages\/190\/revisions\/191"}],"wp:attachment":[{"href":"https:\/\/www.casecervinia.com\/fr\/wp-json\/wp\/v2\/media?parent=190"}],"curies":[{"name":"wp","href":"https:\/\/api.w.org\/{rel}","templated":true}]}}