{"id":196,"date":"2017-11-06T11:30:11","date_gmt":"2017-11-06T10:30:11","guid":{"rendered":"http:\/\/www.casecervinia.com?page_id=196"},"modified":"2017-11-16T18:06:55","modified_gmt":"2017-11-16T17:06:55","slug":"vallee-du-cervin-valtournenche-la-magdeleine-lac-bleu","status":"publish","type":"page","link":"https:\/\/www.casecervinia.com\/fr\/vallee-du-cervin-valtournenche-la-magdeleine-lac-bleu","title":{"rendered":"Vall\u00e9e du Cervin (Valtournenche, la Magdeleine, Lac Bleu)"},"content":{"rendered":"<p>Pour ceux qui aiment Cervinia, mais ne souhaitent pas y vivre, nous proposons des solutions exclusives qui privil\u00e9gient la fascination pour la montagne, v\u00e9cue comme une destination o\u00f9 les familles peuvent se retrouver et s\u2019isoler du monde.<\/p>\n<p>Ces propri\u00e9t\u00e9s sont situ\u00e9es le long de la vall\u00e9e du Cervin et sont uniques de par leur position ou leurs caract\u00e9ristiques. Elles refl\u00e8tent le meilleur de la tradition vald\u00f4taine dans une des stations de ski les plus belles des Alpes.<\/p>\n","protected":false},"excerpt":{"rendered":"<p>Pour ceux qui aiment Cervinia, mais ne souhaitent pas y vivre, nous proposons des solutions exclusives qui privil\u00e9gient la fascination pour la montagne, v\u00e9cue comme une destination o\u00f9 les familles peuvent se retrouver et s\u2019isoler du monde. Ces propri\u00e9t\u00e9s sont situ\u00e9es le long de la vall\u00e9e du Cervin et sont uniques de par leur position &hellip;<\/p>\n","protected":false},"author":1,"featured_media":0,"parent":0,"menu_order":0,"comment_status":"closed","ping_status":"closed","template":"page-templates\/listing_appartamenti.php","meta":{"_acf_changed":false,"footnotes":""},"class_list":["post-196","page","type-page","status-publish","hentry"],"acf":[],"yoast_head":"<!-- This site is optimized with the Yoast SEO plugin v27.3 - https:\/\/yoast.com\/product\/yoast-seo-wordpress\/ -->\n<title>Appartements en vente dans la vall\u00e9e du Cervin en Valtournenche, Italie<\/title>\n<meta name=\"description\" content=\"Choisissez parmi une grande s\u00e9lection d&#039;appartements en vente dans la vall\u00e9e du Cervin: s\u00e9lectionnez le type et les services de votre nouveau maison\" \/>\n<meta name=\"robots\" content=\"index, follow, max-snippet:-1, max-image-preview:large, max-video-preview:-1\" \/>\n<link rel=\"canonical\" href=\"https:\/\/www.casecervinia.com\/fr\/vallee-du-cervin-valtournenche-la-magdeleine-lac-bleu\" \/>\n<meta property=\"og:locale\" content=\"fr_FR\" \/>\n<meta property=\"og:type\" content=\"article\" \/>\n<meta property=\"og:title\" content=\"Appartements en vente dans la vall\u00e9e du Cervin en Valtournenche, Italie\" \/>\n<meta property=\"og:description\" content=\"Choisissez parmi une grande s\u00e9lection d&#039;appartements en vente dans la vall\u00e9e du Cervin: s\u00e9lectionnez le type et les services de votre nouveau maison\" \/>\n<meta property=\"og:url\" content=\"https:\/\/www.casecervinia.com\/fr\/vallee-du-cervin-valtournenche-la-magdeleine-lac-bleu\" \/>\n<meta property=\"og:site_name\" content=\"Case Cervinia\" \/>\n<meta property=\"article:modified_time\" content=\"2017-11-16T17:06:55+00:00\" \/>\n<meta name=\"twitter:card\" content=\"summary_large_image\" \/>\n<script type=\"application\/ld+json\" class=\"yoast-schema-graph\">{\"@context\":\"https:\\\/\\\/schema.org\",\"@graph\":[{\"@type\":\"WebPage\",\"@id\":\"https:\\\/\\\/www.casecervinia.com\\\/fr\\\/vallee-du-cervin-valtournenche-la-magdeleine-lac-bleu\",\"url\":\"https:\\\/\\\/www.casecervinia.com\\\/fr\\\/vallee-du-cervin-valtournenche-la-magdeleine-lac-bleu\",\"name\":\"Appartements en vente dans la vall\u00e9e du Cervin en Valtournenche, Italie\",\"isPartOf\":{\"@id\":\"https:\\\/\\\/www.casecervinia.com\\\/#website\"},\"datePublished\":\"2017-11-06T10:30:11+00:00\",\"dateModified\":\"2017-11-16T17:06:55+00:00\",\"description\":\"Choisissez parmi une grande s\u00e9lection d'appartements en vente dans la vall\u00e9e du Cervin: s\u00e9lectionnez le type et les services de votre nouveau maison\",\"breadcrumb\":{\"@id\":\"https:\\\/\\\/www.casecervinia.com\\\/fr\\\/vallee-du-cervin-valtournenche-la-magdeleine-lac-bleu#breadcrumb\"},\"inLanguage\":\"fr-FR\",\"potentialAction\":[{\"@type\":\"ReadAction\",\"target\":[\"https:\\\/\\\/www.casecervinia.com\\\/fr\\\/vallee-du-cervin-valtournenche-la-magdeleine-lac-bleu\"]}]},{\"@type\":\"BreadcrumbList\",\"@id\":\"https:\\\/\\\/www.casecervinia.com\\\/fr\\\/vallee-du-cervin-valtournenche-la-magdeleine-lac-bleu#breadcrumb\",\"itemListElement\":[{\"@type\":\"ListItem\",\"position\":1,\"name\":\"Home\",\"item\":\"https:\\\/\\\/www.casecervinia.com\\\/fr\"},{\"@type\":\"ListItem\",\"position\":2,\"name\":\"Vall\u00e9e du Cervin (Valtournenche, la Magdeleine, Lac Bleu)\"}]},{\"@type\":\"WebSite\",\"@id\":\"https:\\\/\\\/www.casecervinia.com\\\/#website\",\"url\":\"https:\\\/\\\/www.casecervinia.com\\\/\",\"name\":\"Case Cervinia\",\"description\":\"L&#039;agenzia immobiliare specializzata su Cervinia\",\"potentialAction\":[{\"@type\":\"SearchAction\",\"target\":{\"@type\":\"EntryPoint\",\"urlTemplate\":\"https:\\\/\\\/www.casecervinia.com\\\/?s={search_term_string}\"},\"query-input\":{\"@type\":\"PropertyValueSpecification\",\"valueRequired\":true,\"valueName\":\"search_term_string\"}}],\"inLanguage\":\"fr-FR\"}]}<\/script>\n<!-- \/ Yoast SEO plugin. -->","yoast_head_json":{"title":"Appartements en vente dans la vall\u00e9e du Cervin en Valtournenche, Italie","description":"Choisissez parmi une grande s\u00e9lection d'appartements en vente dans la vall\u00e9e du Cervin: s\u00e9lectionnez le type et les services de votre nouveau maison","robots":{"index":"index","follow":"follow","max-snippet":"max-snippet:-1","max-image-preview":"max-image-preview:large","max-video-preview":"max-video-preview:-1"},"canonical":"https:\/\/www.casecervinia.com\/fr\/vallee-du-cervin-valtournenche-la-magdeleine-lac-bleu","og_locale":"fr_FR","og_type":"article","og_title":"Appartements en vente dans la vall\u00e9e du Cervin en Valtournenche, Italie","og_description":"Choisissez parmi une grande s\u00e9lection d'appartements en vente dans la vall\u00e9e du Cervin: s\u00e9lectionnez le type et les services de votre nouveau maison","og_url":"https:\/\/www.casecervinia.com\/fr\/vallee-du-cervin-valtournenche-la-magdeleine-lac-bleu","og_site_name":"Case Cervinia","article_modified_time":"2017-11-16T17:06:55+00:00","twitter_card":"summary_large_image","schema":{"@context":"https:\/\/schema.org","@graph":[{"@type":"WebPage","@id":"https:\/\/www.casecervinia.com\/fr\/vallee-du-cervin-valtournenche-la-magdeleine-lac-bleu","url":"https:\/\/www.casecervinia.com\/fr\/vallee-du-cervin-valtournenche-la-magdeleine-lac-bleu","name":"Appartements en vente dans la vall\u00e9e du Cervin en Valtournenche, Italie","isPartOf":{"@id":"https:\/\/www.casecervinia.com\/#website"},"datePublished":"2017-11-06T10:30:11+00:00","dateModified":"2017-11-16T17:06:55+00:00","description":"Choisissez parmi une grande s\u00e9lection d'appartements en vente dans la vall\u00e9e du Cervin: s\u00e9lectionnez le type et les services de votre nouveau maison","breadcrumb":{"@id":"https:\/\/www.casecervinia.com\/fr\/vallee-du-cervin-valtournenche-la-magdeleine-lac-bleu#breadcrumb"},"inLanguage":"fr-FR","potentialAction":[{"@type":"ReadAction","target":["https:\/\/www.casecervinia.com\/fr\/vallee-du-cervin-valtournenche-la-magdeleine-lac-bleu"]}]},{"@type":"BreadcrumbList","@id":"https:\/\/www.casecervinia.com\/fr\/vallee-du-cervin-valtournenche-la-magdeleine-lac-bleu#breadcrumb","itemListElement":[{"@type":"ListItem","position":1,"name":"Home","item":"https:\/\/www.casecervinia.com\/fr"},{"@type":"ListItem","position":2,"name":"Vall\u00e9e du Cervin (Valtournenche, la Magdeleine, Lac Bleu)"}]},{"@type":"WebSite","@id":"https:\/\/www.casecervinia.com\/#website","url":"https:\/\/www.casecervinia.com\/","name":"Case Cervinia","description":"L&#039;agenzia immobiliare specializzata su Cervinia","potentialAction":[{"@type":"SearchAction","target":{"@type":"EntryPoint","urlTemplate":"https:\/\/www.casecervinia.com\/?s={search_term_string}"},"query-input":{"@type":"PropertyValueSpecification","valueRequired":true,"valueName":"search_term_string"}}],"inLanguage":"fr-FR"}]}},"_links":{"self":[{"href":"https:\/\/www.casecervinia.com\/fr\/wp-json\/wp\/v2\/pages\/196","targetHints":{"allow":["GET"]}}],"collection":[{"href":"https:\/\/www.casecervinia.com\/fr\/wp-json\/wp\/v2\/pages"}],"about":[{"href":"https:\/\/www.casecervinia.com\/fr\/wp-json\/wp\/v2\/types\/page"}],"author":[{"embeddable":true,"href":"https:\/\/www.casecervinia.com\/fr\/wp-json\/wp\/v2\/users\/1"}],"replies":[{"embeddable":true,"href":"https:\/\/www.casecervinia.com\/fr\/wp-json\/wp\/v2\/comments?post=196"}],"version-history":[{"count":1,"href":"https:\/\/www.casecervinia.com\/fr\/wp-json\/wp\/v2\/pages\/196\/revisions"}],"predecessor-version":[{"id":197,"href":"https:\/\/www.casecervinia.com\/fr\/wp-json\/wp\/v2\/pages\/196\/revisions\/197"}],"wp:attachment":[{"href":"https:\/\/www.casecervinia.com\/fr\/wp-json\/wp\/v2\/media?parent=196"}],"curies":[{"name":"wp","href":"https:\/\/api.w.org\/{rel}","templated":true}]}}