{"id":200,"date":"2017-11-06T11:34:20","date_gmt":"2017-11-06T10:34:20","guid":{"rendered":"http:\/\/www.casecervinia.com?page_id=200"},"modified":"2017-11-16T18:08:14","modified_gmt":"2017-11-16T17:08:14","slug":"studios","status":"publish","type":"page","link":"https:\/\/www.casecervinia.com\/fr\/studios","title":{"rendered":"Studios"},"content":{"rendered":"<p>Nos studios ont entre 2 et 4 couchages, avec une superficie variant entre 20 et 30 m\u00e8tres carr\u00e9. Les studios plus convoit\u00e9s sont situ\u00e9s dans le centre du village, mais nous avons \u00e9galement des solutions int\u00e9ressantes \u00e0 proximit\u00e9 du t\u00e9l\u00e9ph\u00e9rique et dans la zone du Giomein, tr\u00e8s commode pour skier.<\/p>\n<p>Cielo Alto offre des logements fonctionnels, \u00e0 des prix tr\u00e8s int\u00e9ressants.<\/p>\n<p>Ces solutions sont indiqu\u00e9es pour qui est \u00e0 la recherche d&rsquo;un pied \u00e0 terre pratique \u00e0 la montagne. La superficie r\u00e9duite permet d&rsquo;avoir un point de chute sans frais de gestion excessifs.<\/p>\n<p>Nos studios sont compos\u00e9s d&rsquo;une pi\u00e8ce unique avec canap\u00e9s lits et \u00e9ventuellement d&rsquo;un coin avec lits superpos\u00e9s, coin cuisine et salle de bain.<\/p>\n","protected":false},"excerpt":{"rendered":"<p>Nos studios ont entre 2 et 4 couchages, avec une superficie variant entre 20 et 30 m\u00e8tres carr\u00e9. Les studios plus convoit\u00e9s sont situ\u00e9s dans le centre du village, mais nous avons \u00e9galement des solutions int\u00e9ressantes \u00e0 proximit\u00e9 du t\u00e9l\u00e9ph\u00e9rique et dans la zone du Giomein, tr\u00e8s commode pour skier. Cielo Alto offre des logements &hellip;<\/p>\n","protected":false},"author":1,"featured_media":0,"parent":0,"menu_order":0,"comment_status":"closed","ping_status":"closed","template":"page-templates\/listing_appartamenti.php","meta":{"_acf_changed":false,"footnotes":""},"class_list":["post-200","page","type-page","status-publish","hentry"],"acf":[],"yoast_head":"<!-- This site is optimized with the Yoast SEO plugin v27.3 - https:\/\/yoast.com\/product\/yoast-seo-wordpress\/ -->\n<title>Studios en vente \u00e0 Cervinia | Appartements en Valtournenche, Italie<\/title>\n<meta name=\"description\" content=\"Choisissez parmi une grande s\u00e9lection des studios en vente \u00e0 Cervinia: s\u00e9lectionnez la location et les services de votre nouveau maison\" \/>\n<meta name=\"robots\" content=\"index, follow, max-snippet:-1, max-image-preview:large, max-video-preview:-1\" \/>\n<link rel=\"canonical\" href=\"https:\/\/www.casecervinia.com\/fr\/studios\" \/>\n<meta property=\"og:locale\" content=\"fr_FR\" \/>\n<meta property=\"og:type\" content=\"article\" \/>\n<meta property=\"og:title\" content=\"Studios en vente \u00e0 Cervinia | Appartements en Valtournenche, Italie\" \/>\n<meta property=\"og:description\" content=\"Choisissez parmi une grande s\u00e9lection des studios en vente \u00e0 Cervinia: s\u00e9lectionnez la location et les services de votre nouveau maison\" \/>\n<meta property=\"og:url\" content=\"https:\/\/www.casecervinia.com\/fr\/studios\" \/>\n<meta property=\"og:site_name\" content=\"Case Cervinia\" \/>\n<meta property=\"article:modified_time\" content=\"2017-11-16T17:08:14+00:00\" \/>\n<meta name=\"twitter:card\" content=\"summary_large_image\" \/>\n<meta name=\"twitter:label1\" content=\"Dur\u00e9e de lecture estim\u00e9e\" \/>\n\t<meta name=\"twitter:data1\" content=\"1 minute\" \/>\n<script type=\"application\/ld+json\" class=\"yoast-schema-graph\">{\"@context\":\"https:\\\/\\\/schema.org\",\"@graph\":[{\"@type\":\"WebPage\",\"@id\":\"https:\\\/\\\/www.casecervinia.com\\\/fr\\\/studios\",\"url\":\"https:\\\/\\\/www.casecervinia.com\\\/fr\\\/studios\",\"name\":\"Studios en vente \u00e0 Cervinia | Appartements en Valtournenche, Italie\",\"isPartOf\":{\"@id\":\"https:\\\/\\\/www.casecervinia.com\\\/#website\"},\"datePublished\":\"2017-11-06T10:34:20+00:00\",\"dateModified\":\"2017-11-16T17:08:14+00:00\",\"description\":\"Choisissez parmi une grande s\u00e9lection des studios en vente \u00e0 Cervinia: s\u00e9lectionnez la location et les services de votre nouveau maison\",\"breadcrumb\":{\"@id\":\"https:\\\/\\\/www.casecervinia.com\\\/fr\\\/studios#breadcrumb\"},\"inLanguage\":\"fr-FR\",\"potentialAction\":[{\"@type\":\"ReadAction\",\"target\":[\"https:\\\/\\\/www.casecervinia.com\\\/fr\\\/studios\"]}]},{\"@type\":\"BreadcrumbList\",\"@id\":\"https:\\\/\\\/www.casecervinia.com\\\/fr\\\/studios#breadcrumb\",\"itemListElement\":[{\"@type\":\"ListItem\",\"position\":1,\"name\":\"Home\",\"item\":\"https:\\\/\\\/www.casecervinia.com\\\/fr\"},{\"@type\":\"ListItem\",\"position\":2,\"name\":\"Studios\"}]},{\"@type\":\"WebSite\",\"@id\":\"https:\\\/\\\/www.casecervinia.com\\\/#website\",\"url\":\"https:\\\/\\\/www.casecervinia.com\\\/\",\"name\":\"Case Cervinia\",\"description\":\"L&#039;agenzia immobiliare specializzata su Cervinia\",\"potentialAction\":[{\"@type\":\"SearchAction\",\"target\":{\"@type\":\"EntryPoint\",\"urlTemplate\":\"https:\\\/\\\/www.casecervinia.com\\\/?s={search_term_string}\"},\"query-input\":{\"@type\":\"PropertyValueSpecification\",\"valueRequired\":true,\"valueName\":\"search_term_string\"}}],\"inLanguage\":\"fr-FR\"}]}<\/script>\n<!-- \/ Yoast SEO plugin. -->","yoast_head_json":{"title":"Studios en vente \u00e0 Cervinia | Appartements en Valtournenche, Italie","description":"Choisissez parmi une grande s\u00e9lection des studios en vente \u00e0 Cervinia: s\u00e9lectionnez la location et les services de votre nouveau maison","robots":{"index":"index","follow":"follow","max-snippet":"max-snippet:-1","max-image-preview":"max-image-preview:large","max-video-preview":"max-video-preview:-1"},"canonical":"https:\/\/www.casecervinia.com\/fr\/studios","og_locale":"fr_FR","og_type":"article","og_title":"Studios en vente \u00e0 Cervinia | Appartements en Valtournenche, Italie","og_description":"Choisissez parmi une grande s\u00e9lection des studios en vente \u00e0 Cervinia: s\u00e9lectionnez la location et les services de votre nouveau maison","og_url":"https:\/\/www.casecervinia.com\/fr\/studios","og_site_name":"Case Cervinia","article_modified_time":"2017-11-16T17:08:14+00:00","twitter_card":"summary_large_image","twitter_misc":{"Dur\u00e9e de lecture estim\u00e9e":"1 minute"},"schema":{"@context":"https:\/\/schema.org","@graph":[{"@type":"WebPage","@id":"https:\/\/www.casecervinia.com\/fr\/studios","url":"https:\/\/www.casecervinia.com\/fr\/studios","name":"Studios en vente \u00e0 Cervinia | Appartements en Valtournenche, Italie","isPartOf":{"@id":"https:\/\/www.casecervinia.com\/#website"},"datePublished":"2017-11-06T10:34:20+00:00","dateModified":"2017-11-16T17:08:14+00:00","description":"Choisissez parmi une grande s\u00e9lection des studios en vente \u00e0 Cervinia: s\u00e9lectionnez la location et les services de votre nouveau maison","breadcrumb":{"@id":"https:\/\/www.casecervinia.com\/fr\/studios#breadcrumb"},"inLanguage":"fr-FR","potentialAction":[{"@type":"ReadAction","target":["https:\/\/www.casecervinia.com\/fr\/studios"]}]},{"@type":"BreadcrumbList","@id":"https:\/\/www.casecervinia.com\/fr\/studios#breadcrumb","itemListElement":[{"@type":"ListItem","position":1,"name":"Home","item":"https:\/\/www.casecervinia.com\/fr"},{"@type":"ListItem","position":2,"name":"Studios"}]},{"@type":"WebSite","@id":"https:\/\/www.casecervinia.com\/#website","url":"https:\/\/www.casecervinia.com\/","name":"Case Cervinia","description":"L&#039;agenzia immobiliare specializzata su Cervinia","potentialAction":[{"@type":"SearchAction","target":{"@type":"EntryPoint","urlTemplate":"https:\/\/www.casecervinia.com\/?s={search_term_string}"},"query-input":{"@type":"PropertyValueSpecification","valueRequired":true,"valueName":"search_term_string"}}],"inLanguage":"fr-FR"}]}},"_links":{"self":[{"href":"https:\/\/www.casecervinia.com\/fr\/wp-json\/wp\/v2\/pages\/200","targetHints":{"allow":["GET"]}}],"collection":[{"href":"https:\/\/www.casecervinia.com\/fr\/wp-json\/wp\/v2\/pages"}],"about":[{"href":"https:\/\/www.casecervinia.com\/fr\/wp-json\/wp\/v2\/types\/page"}],"author":[{"embeddable":true,"href":"https:\/\/www.casecervinia.com\/fr\/wp-json\/wp\/v2\/users\/1"}],"replies":[{"embeddable":true,"href":"https:\/\/www.casecervinia.com\/fr\/wp-json\/wp\/v2\/comments?post=200"}],"version-history":[{"count":1,"href":"https:\/\/www.casecervinia.com\/fr\/wp-json\/wp\/v2\/pages\/200\/revisions"}],"predecessor-version":[{"id":201,"href":"https:\/\/www.casecervinia.com\/fr\/wp-json\/wp\/v2\/pages\/200\/revisions\/201"}],"wp:attachment":[{"href":"https:\/\/www.casecervinia.com\/fr\/wp-json\/wp\/v2\/media?parent=200"}],"curies":[{"name":"wp","href":"https:\/\/api.w.org\/{rel}","templated":true}]}}