{"id":202,"date":"2017-11-06T11:36:14","date_gmt":"2017-11-06T10:36:14","guid":{"rendered":"http:\/\/www.casecervinia.com?page_id=202"},"modified":"2017-11-16T17:41:02","modified_gmt":"2017-11-16T16:41:02","slug":"2-pieces","status":"publish","type":"page","link":"https:\/\/www.casecervinia.com\/fr\/2-pieces","title":{"rendered":"2 pi\u00e8ces"},"content":{"rendered":"<p>Le 2 pi\u00e8ces est une des solutions les plus polyvalentes : il offre plus d&rsquo;intimit\u00e9 par rapport au studio mais, gr\u00e2ce \u00e0 sa superficie plus r\u00e9duite, les frais sont moins \u00e9lev\u00e9s que pour un logement ayant une superficie plus importante. C&rsquo;est un compromis id\u00e9al pour les familles peu nombreuses, \u00e0 des prix abordables.<\/p>\n<p>Ce type d&rsquo;appartements comprend un s\u00e9jour avec un coin cuisine ou kitchenette, une chambre \u00e0 coucher ind\u00e9pendante et une salle de bain. En g\u00e9n\u00e9ral 4 personnes peuvent y dormir. Certains 2 pi\u00e8ces ont un box inclus ou une place de parking priv\u00e9e.<\/p>\n","protected":false},"excerpt":{"rendered":"<p>Le 2 pi\u00e8ces est une des solutions les plus polyvalentes : il offre plus d&rsquo;intimit\u00e9 par rapport au studio mais, gr\u00e2ce \u00e0 sa superficie plus r\u00e9duite, les frais sont moins \u00e9lev\u00e9s que pour un logement ayant une superficie plus importante. C&rsquo;est un compromis id\u00e9al pour les familles peu nombreuses, \u00e0 des prix abordables. Ce type &hellip;<\/p>\n","protected":false},"author":1,"featured_media":0,"parent":0,"menu_order":0,"comment_status":"closed","ping_status":"closed","template":"page-templates\/listing_appartamenti.php","meta":{"_acf_changed":false,"footnotes":""},"class_list":["post-202","page","type-page","status-publish","hentry"],"acf":[],"yoast_head":"<!-- This site is optimized with the Yoast SEO plugin v27.3 - https:\/\/yoast.com\/product\/yoast-seo-wordpress\/ -->\n<title>Appartements deux pi\u00e8ces en vente \u00e0 Breuil Cervinia, Italie<\/title>\n<meta name=\"description\" content=\"Choisissez parmi une grande s\u00e9lection d&#039;appartements deux pi\u00e8ces en vente \u00e0 Cervinia: s\u00e9lectionnez la position et les services de votre nouveau maison\" \/>\n<meta name=\"robots\" content=\"index, follow, max-snippet:-1, max-image-preview:large, max-video-preview:-1\" \/>\n<link rel=\"canonical\" href=\"https:\/\/www.casecervinia.com\/fr\/2-pieces\" \/>\n<meta property=\"og:locale\" content=\"fr_FR\" \/>\n<meta property=\"og:type\" content=\"article\" \/>\n<meta property=\"og:title\" content=\"Appartements deux pi\u00e8ces en vente \u00e0 Breuil Cervinia, Italie\" \/>\n<meta property=\"og:description\" content=\"Choisissez parmi une grande s\u00e9lection d&#039;appartements deux pi\u00e8ces en vente \u00e0 Cervinia: s\u00e9lectionnez la position et les services de votre nouveau maison\" \/>\n<meta property=\"og:url\" content=\"https:\/\/www.casecervinia.com\/fr\/2-pieces\" \/>\n<meta property=\"og:site_name\" content=\"Case Cervinia\" \/>\n<meta property=\"article:modified_time\" content=\"2017-11-16T16:41:02+00:00\" \/>\n<meta name=\"twitter:card\" content=\"summary_large_image\" \/>\n<script type=\"application\/ld+json\" class=\"yoast-schema-graph\">{\"@context\":\"https:\\\/\\\/schema.org\",\"@graph\":[{\"@type\":\"WebPage\",\"@id\":\"https:\\\/\\\/www.casecervinia.com\\\/fr\\\/2-pieces\",\"url\":\"https:\\\/\\\/www.casecervinia.com\\\/fr\\\/2-pieces\",\"name\":\"Appartements deux pi\u00e8ces en vente \u00e0 Breuil Cervinia, Italie\",\"isPartOf\":{\"@id\":\"https:\\\/\\\/www.casecervinia.com\\\/#website\"},\"datePublished\":\"2017-11-06T10:36:14+00:00\",\"dateModified\":\"2017-11-16T16:41:02+00:00\",\"description\":\"Choisissez parmi une grande s\u00e9lection d'appartements deux pi\u00e8ces en vente \u00e0 Cervinia: s\u00e9lectionnez la position et les services de votre nouveau maison\",\"breadcrumb\":{\"@id\":\"https:\\\/\\\/www.casecervinia.com\\\/fr\\\/2-pieces#breadcrumb\"},\"inLanguage\":\"fr-FR\",\"potentialAction\":[{\"@type\":\"ReadAction\",\"target\":[\"https:\\\/\\\/www.casecervinia.com\\\/fr\\\/2-pieces\"]}]},{\"@type\":\"BreadcrumbList\",\"@id\":\"https:\\\/\\\/www.casecervinia.com\\\/fr\\\/2-pieces#breadcrumb\",\"itemListElement\":[{\"@type\":\"ListItem\",\"position\":1,\"name\":\"Home\",\"item\":\"https:\\\/\\\/www.casecervinia.com\\\/fr\"},{\"@type\":\"ListItem\",\"position\":2,\"name\":\"2 pi\u00e8ces\"}]},{\"@type\":\"WebSite\",\"@id\":\"https:\\\/\\\/www.casecervinia.com\\\/#website\",\"url\":\"https:\\\/\\\/www.casecervinia.com\\\/\",\"name\":\"Case Cervinia\",\"description\":\"L&#039;agenzia immobiliare specializzata su Cervinia\",\"potentialAction\":[{\"@type\":\"SearchAction\",\"target\":{\"@type\":\"EntryPoint\",\"urlTemplate\":\"https:\\\/\\\/www.casecervinia.com\\\/?s={search_term_string}\"},\"query-input\":{\"@type\":\"PropertyValueSpecification\",\"valueRequired\":true,\"valueName\":\"search_term_string\"}}],\"inLanguage\":\"fr-FR\"}]}<\/script>\n<!-- \/ Yoast SEO plugin. -->","yoast_head_json":{"title":"Appartements deux pi\u00e8ces en vente \u00e0 Breuil Cervinia, Italie","description":"Choisissez parmi une grande s\u00e9lection d'appartements deux pi\u00e8ces en vente \u00e0 Cervinia: s\u00e9lectionnez la position et les services de votre nouveau maison","robots":{"index":"index","follow":"follow","max-snippet":"max-snippet:-1","max-image-preview":"max-image-preview:large","max-video-preview":"max-video-preview:-1"},"canonical":"https:\/\/www.casecervinia.com\/fr\/2-pieces","og_locale":"fr_FR","og_type":"article","og_title":"Appartements deux pi\u00e8ces en vente \u00e0 Breuil Cervinia, Italie","og_description":"Choisissez parmi une grande s\u00e9lection d'appartements deux pi\u00e8ces en vente \u00e0 Cervinia: s\u00e9lectionnez la position et les services de votre nouveau maison","og_url":"https:\/\/www.casecervinia.com\/fr\/2-pieces","og_site_name":"Case Cervinia","article_modified_time":"2017-11-16T16:41:02+00:00","twitter_card":"summary_large_image","schema":{"@context":"https:\/\/schema.org","@graph":[{"@type":"WebPage","@id":"https:\/\/www.casecervinia.com\/fr\/2-pieces","url":"https:\/\/www.casecervinia.com\/fr\/2-pieces","name":"Appartements deux pi\u00e8ces en vente \u00e0 Breuil Cervinia, Italie","isPartOf":{"@id":"https:\/\/www.casecervinia.com\/#website"},"datePublished":"2017-11-06T10:36:14+00:00","dateModified":"2017-11-16T16:41:02+00:00","description":"Choisissez parmi une grande s\u00e9lection d'appartements deux pi\u00e8ces en vente \u00e0 Cervinia: s\u00e9lectionnez la position et les services de votre nouveau maison","breadcrumb":{"@id":"https:\/\/www.casecervinia.com\/fr\/2-pieces#breadcrumb"},"inLanguage":"fr-FR","potentialAction":[{"@type":"ReadAction","target":["https:\/\/www.casecervinia.com\/fr\/2-pieces"]}]},{"@type":"BreadcrumbList","@id":"https:\/\/www.casecervinia.com\/fr\/2-pieces#breadcrumb","itemListElement":[{"@type":"ListItem","position":1,"name":"Home","item":"https:\/\/www.casecervinia.com\/fr"},{"@type":"ListItem","position":2,"name":"2 pi\u00e8ces"}]},{"@type":"WebSite","@id":"https:\/\/www.casecervinia.com\/#website","url":"https:\/\/www.casecervinia.com\/","name":"Case Cervinia","description":"L&#039;agenzia immobiliare specializzata su Cervinia","potentialAction":[{"@type":"SearchAction","target":{"@type":"EntryPoint","urlTemplate":"https:\/\/www.casecervinia.com\/?s={search_term_string}"},"query-input":{"@type":"PropertyValueSpecification","valueRequired":true,"valueName":"search_term_string"}}],"inLanguage":"fr-FR"}]}},"_links":{"self":[{"href":"https:\/\/www.casecervinia.com\/fr\/wp-json\/wp\/v2\/pages\/202","targetHints":{"allow":["GET"]}}],"collection":[{"href":"https:\/\/www.casecervinia.com\/fr\/wp-json\/wp\/v2\/pages"}],"about":[{"href":"https:\/\/www.casecervinia.com\/fr\/wp-json\/wp\/v2\/types\/page"}],"author":[{"embeddable":true,"href":"https:\/\/www.casecervinia.com\/fr\/wp-json\/wp\/v2\/users\/1"}],"replies":[{"embeddable":true,"href":"https:\/\/www.casecervinia.com\/fr\/wp-json\/wp\/v2\/comments?post=202"}],"version-history":[{"count":1,"href":"https:\/\/www.casecervinia.com\/fr\/wp-json\/wp\/v2\/pages\/202\/revisions"}],"predecessor-version":[{"id":203,"href":"https:\/\/www.casecervinia.com\/fr\/wp-json\/wp\/v2\/pages\/202\/revisions\/203"}],"wp:attachment":[{"href":"https:\/\/www.casecervinia.com\/fr\/wp-json\/wp\/v2\/media?parent=202"}],"curies":[{"name":"wp","href":"https:\/\/api.w.org\/{rel}","templated":true}]}}