{"id":206,"date":"2017-11-06T11:40:42","date_gmt":"2017-11-06T10:40:42","guid":{"rendered":"http:\/\/www.casecervinia.com?page_id=206"},"modified":"2017-11-16T17:44:22","modified_gmt":"2017-11-16T16:44:22","slug":"4-pieces","status":"publish","type":"page","link":"https:\/\/www.casecervinia.com\/fr\/4-pieces","title":{"rendered":"4 pi\u00e8ces"},"content":{"rendered":"<p>Envie d&rsquo;espace? Nous avons r\u00e9uni nos appartements les plus grands dans la cat\u00e9gorie des 4 pi\u00e8ces. Ces biens immobiliers ont trois chambres \u00e0 coucher &#8211; voire plus , un s\u00e9jour accueillant, deux salles de bain minimum. Ils sont parfaits pour les familles nombreuses ou pour ceux qui aiment passer leurs vacances avec beaucoup d&rsquo;amis. Pour la location, ils repr\u00e9sentent un excellent investissement dans une optique de rentabilit\u00e9.<\/p>\n","protected":false},"excerpt":{"rendered":"<p>Envie d&rsquo;espace? Nous avons r\u00e9uni nos appartements les plus grands dans la cat\u00e9gorie des 4 pi\u00e8ces. Ces biens immobiliers ont trois chambres \u00e0 coucher &#8211; voire plus , un s\u00e9jour accueillant, deux salles de bain minimum. Ils sont parfaits pour les familles nombreuses ou pour ceux qui aiment passer leurs vacances avec beaucoup d&rsquo;amis. Pour &hellip;<\/p>\n","protected":false},"author":1,"featured_media":0,"parent":0,"menu_order":0,"comment_status":"closed","ping_status":"closed","template":"page-templates\/listing_appartamenti.php","meta":{"_acf_changed":false,"footnotes":""},"class_list":["post-206","page","type-page","status-publish","hentry"],"acf":[],"yoast_head":"<!-- This site is optimized with the Yoast SEO plugin v27.3 - https:\/\/yoast.com\/product\/yoast-seo-wordpress\/ -->\n<title>Appartements quatre pi\u00e8ces en vente \u00e0 Breuil Cervinia, Italie<\/title>\n<meta name=\"description\" content=\"Choisissez parmi une grande s\u00e9lection d&#039;appartements 4 pi\u00e8ces en vente \u00e0 Cervinia: s\u00e9lectionnez la position et les services de votre nouveau maison\" \/>\n<meta name=\"robots\" content=\"index, follow, max-snippet:-1, max-image-preview:large, max-video-preview:-1\" \/>\n<link rel=\"canonical\" href=\"https:\/\/www.casecervinia.com\/fr\/4-pieces\" \/>\n<meta property=\"og:locale\" content=\"fr_FR\" \/>\n<meta property=\"og:type\" content=\"article\" \/>\n<meta property=\"og:title\" content=\"Appartements quatre pi\u00e8ces en vente \u00e0 Breuil Cervinia, Italie\" \/>\n<meta property=\"og:description\" content=\"Choisissez parmi une grande s\u00e9lection d&#039;appartements 4 pi\u00e8ces en vente \u00e0 Cervinia: s\u00e9lectionnez la position et les services de votre nouveau maison\" \/>\n<meta property=\"og:url\" content=\"https:\/\/www.casecervinia.com\/fr\/4-pieces\" \/>\n<meta property=\"og:site_name\" content=\"Case Cervinia\" \/>\n<meta property=\"article:modified_time\" content=\"2017-11-16T16:44:22+00:00\" \/>\n<meta name=\"twitter:card\" content=\"summary_large_image\" \/>\n<script type=\"application\/ld+json\" class=\"yoast-schema-graph\">{\"@context\":\"https:\\\/\\\/schema.org\",\"@graph\":[{\"@type\":\"WebPage\",\"@id\":\"https:\\\/\\\/www.casecervinia.com\\\/fr\\\/4-pieces\",\"url\":\"https:\\\/\\\/www.casecervinia.com\\\/fr\\\/4-pieces\",\"name\":\"Appartements quatre pi\u00e8ces en vente \u00e0 Breuil Cervinia, Italie\",\"isPartOf\":{\"@id\":\"https:\\\/\\\/www.casecervinia.com\\\/#website\"},\"datePublished\":\"2017-11-06T10:40:42+00:00\",\"dateModified\":\"2017-11-16T16:44:22+00:00\",\"description\":\"Choisissez parmi une grande s\u00e9lection d'appartements 4 pi\u00e8ces en vente \u00e0 Cervinia: s\u00e9lectionnez la position et les services de votre nouveau maison\",\"breadcrumb\":{\"@id\":\"https:\\\/\\\/www.casecervinia.com\\\/fr\\\/4-pieces#breadcrumb\"},\"inLanguage\":\"fr-FR\",\"potentialAction\":[{\"@type\":\"ReadAction\",\"target\":[\"https:\\\/\\\/www.casecervinia.com\\\/fr\\\/4-pieces\"]}]},{\"@type\":\"BreadcrumbList\",\"@id\":\"https:\\\/\\\/www.casecervinia.com\\\/fr\\\/4-pieces#breadcrumb\",\"itemListElement\":[{\"@type\":\"ListItem\",\"position\":1,\"name\":\"Home\",\"item\":\"https:\\\/\\\/www.casecervinia.com\\\/fr\"},{\"@type\":\"ListItem\",\"position\":2,\"name\":\"4 pi\u00e8ces\"}]},{\"@type\":\"WebSite\",\"@id\":\"https:\\\/\\\/www.casecervinia.com\\\/#website\",\"url\":\"https:\\\/\\\/www.casecervinia.com\\\/\",\"name\":\"Case Cervinia\",\"description\":\"L&#039;agenzia immobiliare specializzata su Cervinia\",\"potentialAction\":[{\"@type\":\"SearchAction\",\"target\":{\"@type\":\"EntryPoint\",\"urlTemplate\":\"https:\\\/\\\/www.casecervinia.com\\\/?s={search_term_string}\"},\"query-input\":{\"@type\":\"PropertyValueSpecification\",\"valueRequired\":true,\"valueName\":\"search_term_string\"}}],\"inLanguage\":\"fr-FR\"}]}<\/script>\n<!-- \/ Yoast SEO plugin. -->","yoast_head_json":{"title":"Appartements quatre pi\u00e8ces en vente \u00e0 Breuil Cervinia, Italie","description":"Choisissez parmi une grande s\u00e9lection d'appartements 4 pi\u00e8ces en vente \u00e0 Cervinia: s\u00e9lectionnez la position et les services de votre nouveau maison","robots":{"index":"index","follow":"follow","max-snippet":"max-snippet:-1","max-image-preview":"max-image-preview:large","max-video-preview":"max-video-preview:-1"},"canonical":"https:\/\/www.casecervinia.com\/fr\/4-pieces","og_locale":"fr_FR","og_type":"article","og_title":"Appartements quatre pi\u00e8ces en vente \u00e0 Breuil Cervinia, Italie","og_description":"Choisissez parmi une grande s\u00e9lection d'appartements 4 pi\u00e8ces en vente \u00e0 Cervinia: s\u00e9lectionnez la position et les services de votre nouveau maison","og_url":"https:\/\/www.casecervinia.com\/fr\/4-pieces","og_site_name":"Case Cervinia","article_modified_time":"2017-11-16T16:44:22+00:00","twitter_card":"summary_large_image","schema":{"@context":"https:\/\/schema.org","@graph":[{"@type":"WebPage","@id":"https:\/\/www.casecervinia.com\/fr\/4-pieces","url":"https:\/\/www.casecervinia.com\/fr\/4-pieces","name":"Appartements quatre pi\u00e8ces en vente \u00e0 Breuil Cervinia, Italie","isPartOf":{"@id":"https:\/\/www.casecervinia.com\/#website"},"datePublished":"2017-11-06T10:40:42+00:00","dateModified":"2017-11-16T16:44:22+00:00","description":"Choisissez parmi une grande s\u00e9lection d'appartements 4 pi\u00e8ces en vente \u00e0 Cervinia: s\u00e9lectionnez la position et les services de votre nouveau maison","breadcrumb":{"@id":"https:\/\/www.casecervinia.com\/fr\/4-pieces#breadcrumb"},"inLanguage":"fr-FR","potentialAction":[{"@type":"ReadAction","target":["https:\/\/www.casecervinia.com\/fr\/4-pieces"]}]},{"@type":"BreadcrumbList","@id":"https:\/\/www.casecervinia.com\/fr\/4-pieces#breadcrumb","itemListElement":[{"@type":"ListItem","position":1,"name":"Home","item":"https:\/\/www.casecervinia.com\/fr"},{"@type":"ListItem","position":2,"name":"4 pi\u00e8ces"}]},{"@type":"WebSite","@id":"https:\/\/www.casecervinia.com\/#website","url":"https:\/\/www.casecervinia.com\/","name":"Case Cervinia","description":"L&#039;agenzia immobiliare specializzata su Cervinia","potentialAction":[{"@type":"SearchAction","target":{"@type":"EntryPoint","urlTemplate":"https:\/\/www.casecervinia.com\/?s={search_term_string}"},"query-input":{"@type":"PropertyValueSpecification","valueRequired":true,"valueName":"search_term_string"}}],"inLanguage":"fr-FR"}]}},"_links":{"self":[{"href":"https:\/\/www.casecervinia.com\/fr\/wp-json\/wp\/v2\/pages\/206","targetHints":{"allow":["GET"]}}],"collection":[{"href":"https:\/\/www.casecervinia.com\/fr\/wp-json\/wp\/v2\/pages"}],"about":[{"href":"https:\/\/www.casecervinia.com\/fr\/wp-json\/wp\/v2\/types\/page"}],"author":[{"embeddable":true,"href":"https:\/\/www.casecervinia.com\/fr\/wp-json\/wp\/v2\/users\/1"}],"replies":[{"embeddable":true,"href":"https:\/\/www.casecervinia.com\/fr\/wp-json\/wp\/v2\/comments?post=206"}],"version-history":[{"count":1,"href":"https:\/\/www.casecervinia.com\/fr\/wp-json\/wp\/v2\/pages\/206\/revisions"}],"predecessor-version":[{"id":207,"href":"https:\/\/www.casecervinia.com\/fr\/wp-json\/wp\/v2\/pages\/206\/revisions\/207"}],"wp:attachment":[{"href":"https:\/\/www.casecervinia.com\/fr\/wp-json\/wp\/v2\/media?parent=206"}],"curies":[{"name":"wp","href":"https:\/\/api.w.org\/{rel}","templated":true}]}}