{"id":208,"date":"2017-11-06T11:41:11","date_gmt":"2017-11-06T10:41:11","guid":{"rendered":"http:\/\/www.casecervinia.com?page_id=208"},"modified":"2017-11-16T17:52:31","modified_gmt":"2017-11-16T16:52:31","slug":"chalet","status":"publish","type":"page","link":"https:\/\/www.casecervinia.com\/fr\/chalet","title":{"rendered":"Chalet"},"content":{"rendered":"<p>Dans notre s\u00e9lection de chalets, ceux qui recherchent l&rsquo;enchantement d&rsquo; un petit coin de monde rien que pour eux, pourront trouver l&rsquo;objet de leur r\u00eave.<\/p>\n<p>L&rsquo;atmosph\u00e8re de montagne s&rsquo;exprime dans les mat\u00e9riaux et dans les lieux qui ont la saveur des traditions et toute la splendeur des panoramas de montagne.<\/p>\n","protected":false},"excerpt":{"rendered":"<p>Dans notre s\u00e9lection de chalets, ceux qui recherchent l&rsquo;enchantement d&rsquo; un petit coin de monde rien que pour eux, pourront trouver l&rsquo;objet de leur r\u00eave. L&rsquo;atmosph\u00e8re de montagne s&rsquo;exprime dans les mat\u00e9riaux et dans les lieux qui ont la saveur des traditions et toute la splendeur des panoramas de montagne.<\/p>\n","protected":false},"author":1,"featured_media":0,"parent":0,"menu_order":0,"comment_status":"closed","ping_status":"closed","template":"page-templates\/listing_appartamenti.php","meta":{"_acf_changed":false,"footnotes":""},"class_list":["post-208","page","type-page","status-publish","hentry"],"acf":[],"yoast_head":"<!-- This site is optimized with the Yoast SEO plugin v27.3 - https:\/\/yoast.com\/product\/yoast-seo-wordpress\/ -->\n<title>Beaux Chalets en vente \u00e0 Breuil Cervinia Valtournenche, Italie<\/title>\n<meta name=\"description\" content=\"Choisissez parmi une s\u00e9lection des chalets en vente \u00e0 Cervinia: s\u00e9lectionnez le type, la location et les services de votre nouveau maison\" \/>\n<meta name=\"robots\" content=\"index, follow, max-snippet:-1, max-image-preview:large, max-video-preview:-1\" \/>\n<link rel=\"canonical\" href=\"https:\/\/www.casecervinia.com\/fr\/chalet\" \/>\n<meta property=\"og:locale\" content=\"fr_FR\" \/>\n<meta property=\"og:type\" content=\"article\" \/>\n<meta property=\"og:title\" content=\"Beaux Chalets en vente \u00e0 Breuil Cervinia Valtournenche, Italie\" \/>\n<meta property=\"og:description\" content=\"Choisissez parmi une s\u00e9lection des chalets en vente \u00e0 Cervinia: s\u00e9lectionnez le type, la location et les services de votre nouveau maison\" \/>\n<meta property=\"og:url\" content=\"https:\/\/www.casecervinia.com\/fr\/chalet\" \/>\n<meta property=\"og:site_name\" content=\"Case Cervinia\" \/>\n<meta property=\"article:modified_time\" content=\"2017-11-16T16:52:31+00:00\" \/>\n<meta name=\"twitter:card\" content=\"summary_large_image\" \/>\n<script type=\"application\/ld+json\" class=\"yoast-schema-graph\">{\"@context\":\"https:\\\/\\\/schema.org\",\"@graph\":[{\"@type\":\"WebPage\",\"@id\":\"https:\\\/\\\/www.casecervinia.com\\\/fr\\\/chalet\",\"url\":\"https:\\\/\\\/www.casecervinia.com\\\/fr\\\/chalet\",\"name\":\"Beaux Chalets en vente \u00e0 Breuil Cervinia Valtournenche, Italie\",\"isPartOf\":{\"@id\":\"https:\\\/\\\/www.casecervinia.com\\\/#website\"},\"datePublished\":\"2017-11-06T10:41:11+00:00\",\"dateModified\":\"2017-11-16T16:52:31+00:00\",\"description\":\"Choisissez parmi une s\u00e9lection des chalets en vente \u00e0 Cervinia: s\u00e9lectionnez le type, la location et les services de votre nouveau maison\",\"breadcrumb\":{\"@id\":\"https:\\\/\\\/www.casecervinia.com\\\/fr\\\/chalet#breadcrumb\"},\"inLanguage\":\"fr-FR\",\"potentialAction\":[{\"@type\":\"ReadAction\",\"target\":[\"https:\\\/\\\/www.casecervinia.com\\\/fr\\\/chalet\"]}]},{\"@type\":\"BreadcrumbList\",\"@id\":\"https:\\\/\\\/www.casecervinia.com\\\/fr\\\/chalet#breadcrumb\",\"itemListElement\":[{\"@type\":\"ListItem\",\"position\":1,\"name\":\"Home\",\"item\":\"https:\\\/\\\/www.casecervinia.com\\\/fr\"},{\"@type\":\"ListItem\",\"position\":2,\"name\":\"Chalet\"}]},{\"@type\":\"WebSite\",\"@id\":\"https:\\\/\\\/www.casecervinia.com\\\/#website\",\"url\":\"https:\\\/\\\/www.casecervinia.com\\\/\",\"name\":\"Case Cervinia\",\"description\":\"L&#039;agenzia immobiliare specializzata su Cervinia\",\"potentialAction\":[{\"@type\":\"SearchAction\",\"target\":{\"@type\":\"EntryPoint\",\"urlTemplate\":\"https:\\\/\\\/www.casecervinia.com\\\/?s={search_term_string}\"},\"query-input\":{\"@type\":\"PropertyValueSpecification\",\"valueRequired\":true,\"valueName\":\"search_term_string\"}}],\"inLanguage\":\"fr-FR\"}]}<\/script>\n<!-- \/ Yoast SEO plugin. -->","yoast_head_json":{"title":"Beaux Chalets en vente \u00e0 Breuil Cervinia Valtournenche, Italie","description":"Choisissez parmi une s\u00e9lection des chalets en vente \u00e0 Cervinia: s\u00e9lectionnez le type, la location et les services de votre nouveau maison","robots":{"index":"index","follow":"follow","max-snippet":"max-snippet:-1","max-image-preview":"max-image-preview:large","max-video-preview":"max-video-preview:-1"},"canonical":"https:\/\/www.casecervinia.com\/fr\/chalet","og_locale":"fr_FR","og_type":"article","og_title":"Beaux Chalets en vente \u00e0 Breuil Cervinia Valtournenche, Italie","og_description":"Choisissez parmi une s\u00e9lection des chalets en vente \u00e0 Cervinia: s\u00e9lectionnez le type, la location et les services de votre nouveau maison","og_url":"https:\/\/www.casecervinia.com\/fr\/chalet","og_site_name":"Case Cervinia","article_modified_time":"2017-11-16T16:52:31+00:00","twitter_card":"summary_large_image","schema":{"@context":"https:\/\/schema.org","@graph":[{"@type":"WebPage","@id":"https:\/\/www.casecervinia.com\/fr\/chalet","url":"https:\/\/www.casecervinia.com\/fr\/chalet","name":"Beaux Chalets en vente \u00e0 Breuil Cervinia Valtournenche, Italie","isPartOf":{"@id":"https:\/\/www.casecervinia.com\/#website"},"datePublished":"2017-11-06T10:41:11+00:00","dateModified":"2017-11-16T16:52:31+00:00","description":"Choisissez parmi une s\u00e9lection des chalets en vente \u00e0 Cervinia: s\u00e9lectionnez le type, la location et les services de votre nouveau maison","breadcrumb":{"@id":"https:\/\/www.casecervinia.com\/fr\/chalet#breadcrumb"},"inLanguage":"fr-FR","potentialAction":[{"@type":"ReadAction","target":["https:\/\/www.casecervinia.com\/fr\/chalet"]}]},{"@type":"BreadcrumbList","@id":"https:\/\/www.casecervinia.com\/fr\/chalet#breadcrumb","itemListElement":[{"@type":"ListItem","position":1,"name":"Home","item":"https:\/\/www.casecervinia.com\/fr"},{"@type":"ListItem","position":2,"name":"Chalet"}]},{"@type":"WebSite","@id":"https:\/\/www.casecervinia.com\/#website","url":"https:\/\/www.casecervinia.com\/","name":"Case Cervinia","description":"L&#039;agenzia immobiliare specializzata su Cervinia","potentialAction":[{"@type":"SearchAction","target":{"@type":"EntryPoint","urlTemplate":"https:\/\/www.casecervinia.com\/?s={search_term_string}"},"query-input":{"@type":"PropertyValueSpecification","valueRequired":true,"valueName":"search_term_string"}}],"inLanguage":"fr-FR"}]}},"_links":{"self":[{"href":"https:\/\/www.casecervinia.com\/fr\/wp-json\/wp\/v2\/pages\/208","targetHints":{"allow":["GET"]}}],"collection":[{"href":"https:\/\/www.casecervinia.com\/fr\/wp-json\/wp\/v2\/pages"}],"about":[{"href":"https:\/\/www.casecervinia.com\/fr\/wp-json\/wp\/v2\/types\/page"}],"author":[{"embeddable":true,"href":"https:\/\/www.casecervinia.com\/fr\/wp-json\/wp\/v2\/users\/1"}],"replies":[{"embeddable":true,"href":"https:\/\/www.casecervinia.com\/fr\/wp-json\/wp\/v2\/comments?post=208"}],"version-history":[{"count":1,"href":"https:\/\/www.casecervinia.com\/fr\/wp-json\/wp\/v2\/pages\/208\/revisions"}],"predecessor-version":[{"id":209,"href":"https:\/\/www.casecervinia.com\/fr\/wp-json\/wp\/v2\/pages\/208\/revisions\/209"}],"wp:attachment":[{"href":"https:\/\/www.casecervinia.com\/fr\/wp-json\/wp\/v2\/media?parent=208"}],"curies":[{"name":"wp","href":"https:\/\/api.w.org\/{rel}","templated":true}]}}