{"id":210,"date":"2017-11-06T11:42:33","date_gmt":"2017-11-06T10:42:33","guid":{"rendered":"http:\/\/www.casecervinia.com?page_id=210"},"modified":"2017-11-16T17:48:41","modified_gmt":"2017-11-16T16:48:41","slug":"avec-garage","status":"publish","type":"page","link":"https:\/\/www.casecervinia.com\/fr\/avec-garage","title":{"rendered":"Avec garage"},"content":{"rendered":"<p>Notre ample choix d&rsquo;appartements avec garage situ\u00e9s dans les diff\u00e9rents zones de Cervinia, du centre du village \u00e0 la zone immerg\u00e9e au milieu de paysages naturels, repr\u00e9sente la solution id\u00e9ale en particulier pour les couples et les familles qui d\u00e9sirent un endroit s\u00fbr et couvert pour leur moyen de transport. Cette option est la plus demand\u00e9e par ceux qui acqui\u00e8rent une propri\u00e9t\u00e9 dans le centre de Cervinia et pr\u00e9f\u00e8rent laisser leur voiture avant de rejoindre tranquillement \u00e0 pied les t\u00e9l\u00e9si\u00e8ges, magasins et les services principaux.<\/p>\n","protected":false},"excerpt":{"rendered":"<p>Notre ample choix d&rsquo;appartements avec garage situ\u00e9s dans les diff\u00e9rents zones de Cervinia, du centre du village \u00e0 la zone immerg\u00e9e au milieu de paysages naturels, repr\u00e9sente la solution id\u00e9ale en particulier pour les couples et les familles qui d\u00e9sirent un endroit s\u00fbr et couvert pour leur moyen de transport. Cette option est la plus &hellip;<\/p>\n","protected":false},"author":1,"featured_media":0,"parent":0,"menu_order":0,"comment_status":"closed","ping_status":"closed","template":"page-templates\/listing_appartamenti.php","meta":{"_acf_changed":false,"footnotes":""},"class_list":["post-210","page","type-page","status-publish","hentry"],"acf":[],"yoast_head":"<!-- This site is optimized with the Yoast SEO plugin v27.3 - https:\/\/yoast.com\/product\/yoast-seo-wordpress\/ -->\n<title>Appartements avec garage en vente \u00e0 Breuil Cervinia, Italie<\/title>\n<meta name=\"description\" content=\"Choisissez parmi une grande s\u00e9lection d&#039;appartements en vente avec garage \u00e0 Cervinia: s\u00e9lectionnez le type et la position de votre nouveau maison!\" \/>\n<meta name=\"robots\" content=\"index, follow, max-snippet:-1, max-image-preview:large, max-video-preview:-1\" \/>\n<link rel=\"canonical\" href=\"https:\/\/www.casecervinia.com\/fr\/avec-garage\" \/>\n<meta property=\"og:locale\" content=\"fr_FR\" \/>\n<meta property=\"og:type\" content=\"article\" \/>\n<meta property=\"og:title\" content=\"Appartements avec garage en vente \u00e0 Breuil Cervinia, Italie\" \/>\n<meta property=\"og:description\" content=\"Choisissez parmi une grande s\u00e9lection d&#039;appartements en vente avec garage \u00e0 Cervinia: s\u00e9lectionnez le type et la position de votre nouveau maison!\" \/>\n<meta property=\"og:url\" content=\"https:\/\/www.casecervinia.com\/fr\/avec-garage\" \/>\n<meta property=\"og:site_name\" content=\"Case Cervinia\" \/>\n<meta property=\"article:modified_time\" content=\"2017-11-16T16:48:41+00:00\" \/>\n<meta name=\"twitter:card\" content=\"summary_large_image\" \/>\n<script type=\"application\/ld+json\" class=\"yoast-schema-graph\">{\"@context\":\"https:\\\/\\\/schema.org\",\"@graph\":[{\"@type\":\"WebPage\",\"@id\":\"https:\\\/\\\/www.casecervinia.com\\\/fr\\\/avec-garage\",\"url\":\"https:\\\/\\\/www.casecervinia.com\\\/fr\\\/avec-garage\",\"name\":\"Appartements avec garage en vente \u00e0 Breuil Cervinia, Italie\",\"isPartOf\":{\"@id\":\"https:\\\/\\\/www.casecervinia.com\\\/#website\"},\"datePublished\":\"2017-11-06T10:42:33+00:00\",\"dateModified\":\"2017-11-16T16:48:41+00:00\",\"description\":\"Choisissez parmi une grande s\u00e9lection d'appartements en vente avec garage \u00e0 Cervinia: s\u00e9lectionnez le type et la position de votre nouveau maison!\",\"breadcrumb\":{\"@id\":\"https:\\\/\\\/www.casecervinia.com\\\/fr\\\/avec-garage#breadcrumb\"},\"inLanguage\":\"fr-FR\",\"potentialAction\":[{\"@type\":\"ReadAction\",\"target\":[\"https:\\\/\\\/www.casecervinia.com\\\/fr\\\/avec-garage\"]}]},{\"@type\":\"BreadcrumbList\",\"@id\":\"https:\\\/\\\/www.casecervinia.com\\\/fr\\\/avec-garage#breadcrumb\",\"itemListElement\":[{\"@type\":\"ListItem\",\"position\":1,\"name\":\"Home\",\"item\":\"https:\\\/\\\/www.casecervinia.com\\\/fr\"},{\"@type\":\"ListItem\",\"position\":2,\"name\":\"Avec garage\"}]},{\"@type\":\"WebSite\",\"@id\":\"https:\\\/\\\/www.casecervinia.com\\\/#website\",\"url\":\"https:\\\/\\\/www.casecervinia.com\\\/\",\"name\":\"Case Cervinia\",\"description\":\"L&#039;agenzia immobiliare specializzata su Cervinia\",\"potentialAction\":[{\"@type\":\"SearchAction\",\"target\":{\"@type\":\"EntryPoint\",\"urlTemplate\":\"https:\\\/\\\/www.casecervinia.com\\\/?s={search_term_string}\"},\"query-input\":{\"@type\":\"PropertyValueSpecification\",\"valueRequired\":true,\"valueName\":\"search_term_string\"}}],\"inLanguage\":\"fr-FR\"}]}<\/script>\n<!-- \/ Yoast SEO plugin. -->","yoast_head_json":{"title":"Appartements avec garage en vente \u00e0 Breuil Cervinia, Italie","description":"Choisissez parmi une grande s\u00e9lection d'appartements en vente avec garage \u00e0 Cervinia: s\u00e9lectionnez le type et la position de votre nouveau maison!","robots":{"index":"index","follow":"follow","max-snippet":"max-snippet:-1","max-image-preview":"max-image-preview:large","max-video-preview":"max-video-preview:-1"},"canonical":"https:\/\/www.casecervinia.com\/fr\/avec-garage","og_locale":"fr_FR","og_type":"article","og_title":"Appartements avec garage en vente \u00e0 Breuil Cervinia, Italie","og_description":"Choisissez parmi une grande s\u00e9lection d'appartements en vente avec garage \u00e0 Cervinia: s\u00e9lectionnez le type et la position de votre nouveau maison!","og_url":"https:\/\/www.casecervinia.com\/fr\/avec-garage","og_site_name":"Case Cervinia","article_modified_time":"2017-11-16T16:48:41+00:00","twitter_card":"summary_large_image","schema":{"@context":"https:\/\/schema.org","@graph":[{"@type":"WebPage","@id":"https:\/\/www.casecervinia.com\/fr\/avec-garage","url":"https:\/\/www.casecervinia.com\/fr\/avec-garage","name":"Appartements avec garage en vente \u00e0 Breuil Cervinia, Italie","isPartOf":{"@id":"https:\/\/www.casecervinia.com\/#website"},"datePublished":"2017-11-06T10:42:33+00:00","dateModified":"2017-11-16T16:48:41+00:00","description":"Choisissez parmi une grande s\u00e9lection d'appartements en vente avec garage \u00e0 Cervinia: s\u00e9lectionnez le type et la position de votre nouveau maison!","breadcrumb":{"@id":"https:\/\/www.casecervinia.com\/fr\/avec-garage#breadcrumb"},"inLanguage":"fr-FR","potentialAction":[{"@type":"ReadAction","target":["https:\/\/www.casecervinia.com\/fr\/avec-garage"]}]},{"@type":"BreadcrumbList","@id":"https:\/\/www.casecervinia.com\/fr\/avec-garage#breadcrumb","itemListElement":[{"@type":"ListItem","position":1,"name":"Home","item":"https:\/\/www.casecervinia.com\/fr"},{"@type":"ListItem","position":2,"name":"Avec garage"}]},{"@type":"WebSite","@id":"https:\/\/www.casecervinia.com\/#website","url":"https:\/\/www.casecervinia.com\/","name":"Case Cervinia","description":"L&#039;agenzia immobiliare specializzata su Cervinia","potentialAction":[{"@type":"SearchAction","target":{"@type":"EntryPoint","urlTemplate":"https:\/\/www.casecervinia.com\/?s={search_term_string}"},"query-input":{"@type":"PropertyValueSpecification","valueRequired":true,"valueName":"search_term_string"}}],"inLanguage":"fr-FR"}]}},"_links":{"self":[{"href":"https:\/\/www.casecervinia.com\/fr\/wp-json\/wp\/v2\/pages\/210","targetHints":{"allow":["GET"]}}],"collection":[{"href":"https:\/\/www.casecervinia.com\/fr\/wp-json\/wp\/v2\/pages"}],"about":[{"href":"https:\/\/www.casecervinia.com\/fr\/wp-json\/wp\/v2\/types\/page"}],"author":[{"embeddable":true,"href":"https:\/\/www.casecervinia.com\/fr\/wp-json\/wp\/v2\/users\/1"}],"replies":[{"embeddable":true,"href":"https:\/\/www.casecervinia.com\/fr\/wp-json\/wp\/v2\/comments?post=210"}],"version-history":[{"count":1,"href":"https:\/\/www.casecervinia.com\/fr\/wp-json\/wp\/v2\/pages\/210\/revisions"}],"predecessor-version":[{"id":211,"href":"https:\/\/www.casecervinia.com\/fr\/wp-json\/wp\/v2\/pages\/210\/revisions\/211"}],"wp:attachment":[{"href":"https:\/\/www.casecervinia.com\/fr\/wp-json\/wp\/v2\/media?parent=210"}],"curies":[{"name":"wp","href":"https:\/\/api.w.org\/{rel}","templated":true}]}}