{"id":85,"date":"2017-04-22T11:52:07","date_gmt":"2017-04-22T09:52:07","guid":{"rendered":"http:\/\/www.casecervinia.com\/?page_id=85"},"modified":"2017-11-16T18:01:54","modified_gmt":"2017-11-16T17:01:54","slug":"homepage","status":"publish","type":"page","link":"https:\/\/www.casecervinia.com\/fr","title":{"rendered":"Homepage"},"content":{"rendered":"<p>CONTENUTO NON VISUALIZZATO<\/p>\n","protected":false},"excerpt":{"rendered":"<p>CONTENUTO NON VISUALIZZATO<\/p>\n","protected":false},"author":1,"featured_media":0,"parent":0,"menu_order":0,"comment_status":"closed","ping_status":"closed","template":"page-templates\/homepage.php","meta":{"_acf_changed":false,"footnotes":""},"class_list":["post-85","page","type-page","status-publish","hentry"],"acf":[],"yoast_head":"<!-- This site is optimized with the Yoast SEO plugin v27.3 - https:\/\/yoast.com\/product\/yoast-seo-wordpress\/ -->\n<title>Case Cervinia | Premi\u00e8re agence de vente immobili\u00e8re de Cervinia, Italie<\/title>\n<meta name=\"description\" content=\"Site officiel de l&#039;agence immobili\u00e8re Case Cervinia by Il Cervino, specialis\u00e9e en vente d&#039;appartements et chalets \u00e0 Breuil Cervinia en Valtournenche\" \/>\n<meta name=\"robots\" content=\"index, follow, max-snippet:-1, max-image-preview:large, max-video-preview:-1\" \/>\n<link rel=\"canonical\" href=\"https:\/\/www.casecervinia.com\/fr\" \/>\n<meta property=\"og:locale\" content=\"fr_FR\" \/>\n<meta property=\"og:type\" content=\"article\" \/>\n<meta property=\"og:title\" content=\"Case Cervinia | Premi\u00e8re agence de vente immobili\u00e8re de Cervinia, Italie\" \/>\n<meta property=\"og:description\" content=\"Site officiel de l&#039;agence immobili\u00e8re Case Cervinia by Il Cervino, specialis\u00e9e en vente d&#039;appartements et chalets \u00e0 Breuil Cervinia en Valtournenche\" \/>\n<meta property=\"og:url\" content=\"https:\/\/www.casecervinia.com\/fr\" \/>\n<meta property=\"og:site_name\" content=\"Case Cervinia\" \/>\n<meta property=\"article:modified_time\" content=\"2017-11-16T17:01:54+00:00\" \/>\n<meta name=\"twitter:card\" content=\"summary_large_image\" \/>\n<script type=\"application\/ld+json\" class=\"yoast-schema-graph\">{\"@context\":\"https:\\\/\\\/schema.org\",\"@graph\":[{\"@type\":\"WebPage\",\"@id\":\"https:\\\/\\\/www.casecervinia.com\\\/fr\",\"url\":\"https:\\\/\\\/www.casecervinia.com\\\/fr\",\"name\":\"Case Cervinia | Premi\u00e8re agence de vente immobili\u00e8re de Cervinia, Italie\",\"isPartOf\":{\"@id\":\"https:\\\/\\\/www.casecervinia.com\\\/#website\"},\"datePublished\":\"2017-04-22T09:52:07+00:00\",\"dateModified\":\"2017-11-16T17:01:54+00:00\",\"description\":\"Site officiel de l'agence immobili\u00e8re Case Cervinia by Il Cervino, specialis\u00e9e en vente d'appartements et chalets \u00e0 Breuil Cervinia en Valtournenche\",\"breadcrumb\":{\"@id\":\"https:\\\/\\\/www.casecervinia.com\\\/fr#breadcrumb\"},\"inLanguage\":\"fr-FR\",\"potentialAction\":[{\"@type\":\"ReadAction\",\"target\":[\"https:\\\/\\\/www.casecervinia.com\\\/fr\"]}]},{\"@type\":\"BreadcrumbList\",\"@id\":\"https:\\\/\\\/www.casecervinia.com\\\/fr#breadcrumb\",\"itemListElement\":[{\"@type\":\"ListItem\",\"position\":1,\"name\":\"Home\",\"item\":\"https:\\\/\\\/www.casecervinia.com\\\/fr\"},{\"@type\":\"ListItem\",\"position\":2,\"name\":\"Homepage\"}]},{\"@type\":\"WebSite\",\"@id\":\"https:\\\/\\\/www.casecervinia.com\\\/#website\",\"url\":\"https:\\\/\\\/www.casecervinia.com\\\/\",\"name\":\"Case Cervinia\",\"description\":\"L&#039;agenzia immobiliare specializzata su Cervinia\",\"potentialAction\":[{\"@type\":\"SearchAction\",\"target\":{\"@type\":\"EntryPoint\",\"urlTemplate\":\"https:\\\/\\\/www.casecervinia.com\\\/?s={search_term_string}\"},\"query-input\":{\"@type\":\"PropertyValueSpecification\",\"valueRequired\":true,\"valueName\":\"search_term_string\"}}],\"inLanguage\":\"fr-FR\"}]}<\/script>\n<!-- \/ Yoast SEO plugin. -->","yoast_head_json":{"title":"Case Cervinia | Premi\u00e8re agence de vente immobili\u00e8re de Cervinia, Italie","description":"Site officiel de l'agence immobili\u00e8re Case Cervinia by Il Cervino, specialis\u00e9e en vente d'appartements et chalets \u00e0 Breuil Cervinia en Valtournenche","robots":{"index":"index","follow":"follow","max-snippet":"max-snippet:-1","max-image-preview":"max-image-preview:large","max-video-preview":"max-video-preview:-1"},"canonical":"https:\/\/www.casecervinia.com\/fr","og_locale":"fr_FR","og_type":"article","og_title":"Case Cervinia | Premi\u00e8re agence de vente immobili\u00e8re de Cervinia, Italie","og_description":"Site officiel de l'agence immobili\u00e8re Case Cervinia by Il Cervino, specialis\u00e9e en vente d'appartements et chalets \u00e0 Breuil Cervinia en Valtournenche","og_url":"https:\/\/www.casecervinia.com\/fr","og_site_name":"Case Cervinia","article_modified_time":"2017-11-16T17:01:54+00:00","twitter_card":"summary_large_image","schema":{"@context":"https:\/\/schema.org","@graph":[{"@type":"WebPage","@id":"https:\/\/www.casecervinia.com\/fr","url":"https:\/\/www.casecervinia.com\/fr","name":"Case Cervinia | Premi\u00e8re agence de vente immobili\u00e8re de Cervinia, Italie","isPartOf":{"@id":"https:\/\/www.casecervinia.com\/#website"},"datePublished":"2017-04-22T09:52:07+00:00","dateModified":"2017-11-16T17:01:54+00:00","description":"Site officiel de l'agence immobili\u00e8re Case Cervinia by Il Cervino, specialis\u00e9e en vente d'appartements et chalets \u00e0 Breuil Cervinia en Valtournenche","breadcrumb":{"@id":"https:\/\/www.casecervinia.com\/fr#breadcrumb"},"inLanguage":"fr-FR","potentialAction":[{"@type":"ReadAction","target":["https:\/\/www.casecervinia.com\/fr"]}]},{"@type":"BreadcrumbList","@id":"https:\/\/www.casecervinia.com\/fr#breadcrumb","itemListElement":[{"@type":"ListItem","position":1,"name":"Home","item":"https:\/\/www.casecervinia.com\/fr"},{"@type":"ListItem","position":2,"name":"Homepage"}]},{"@type":"WebSite","@id":"https:\/\/www.casecervinia.com\/#website","url":"https:\/\/www.casecervinia.com\/","name":"Case Cervinia","description":"L&#039;agenzia immobiliare specializzata su Cervinia","potentialAction":[{"@type":"SearchAction","target":{"@type":"EntryPoint","urlTemplate":"https:\/\/www.casecervinia.com\/?s={search_term_string}"},"query-input":{"@type":"PropertyValueSpecification","valueRequired":true,"valueName":"search_term_string"}}],"inLanguage":"fr-FR"}]}},"_links":{"self":[{"href":"https:\/\/www.casecervinia.com\/fr\/wp-json\/wp\/v2\/pages\/85","targetHints":{"allow":["GET"]}}],"collection":[{"href":"https:\/\/www.casecervinia.com\/fr\/wp-json\/wp\/v2\/pages"}],"about":[{"href":"https:\/\/www.casecervinia.com\/fr\/wp-json\/wp\/v2\/types\/page"}],"author":[{"embeddable":true,"href":"https:\/\/www.casecervinia.com\/fr\/wp-json\/wp\/v2\/users\/1"}],"replies":[{"embeddable":true,"href":"https:\/\/www.casecervinia.com\/fr\/wp-json\/wp\/v2\/comments?post=85"}],"version-history":[{"count":1,"href":"https:\/\/www.casecervinia.com\/fr\/wp-json\/wp\/v2\/pages\/85\/revisions"}],"predecessor-version":[{"id":327,"href":"https:\/\/www.casecervinia.com\/fr\/wp-json\/wp\/v2\/pages\/85\/revisions\/327"}],"wp:attachment":[{"href":"https:\/\/www.casecervinia.com\/fr\/wp-json\/wp\/v2\/media?parent=85"}],"curies":[{"name":"wp","href":"https:\/\/api.w.org\/{rel}","templated":true}]}}